{"id":353,"date":"2023-08-06T17:06:46","date_gmt":"2023-08-06T17:06:46","guid":{"rendered":"https:\/\/aci-tunisie.com\/?page_id=353"},"modified":"2024-05-21T16:13:20","modified_gmt":"2024-05-21T16:13:20","slug":"the-residence","status":"publish","type":"page","link":"https:\/\/aci-tunisie.com\/en\/the-residence\/","title":{"rendered":"The Residence"},"content":{"rendered":"<div data-elementor-type=\"wp-page\" data-elementor-id=\"353\" class=\"elementor elementor-353\" data-elementor-post-type=\"page\">\n\t\t\t\t\t\t<section class=\"elementor-section elementor-top-section elementor-element elementor-element-52f9c9a elementor-section-boxed elementor-section-height-default elementor-section-height-default\" data-id=\"52f9c9a\" data-element_type=\"section\">\n\t\t\t\t\t\t<div class=\"elementor-container elementor-column-gap-default\">\n\t\t\t\t\t<div class=\"elementor-column elementor-col-100 elementor-top-column elementor-element elementor-element-cce8f12\" data-id=\"cce8f12\" data-element_type=\"column\">\n\t\t\t<div class=\"elementor-widget-wrap elementor-element-populated\">\n\t\t\t\t\t\t<div class=\"elementor-element elementor-element-5e2d090 elementor-widget elementor-widget-heading\" data-id=\"5e2d090\" data-element_type=\"widget\" data-widget_type=\"heading.default\">\n\t\t\t\t<div class=\"elementor-widget-container\">\n\t\t\t\t\t<h2 class=\"elementor-heading-title elementor-size-default\">The residence<\/h2>\t\t\t\t<\/div>\n\t\t\t\t<\/div>\n\t\t\t\t\t<\/div>\n\t\t<\/div>\n\t\t\t\t\t<\/div>\n\t\t<\/section>\n\t\t\t\t<section class=\"elementor-section elementor-top-section elementor-element elementor-element-67b2a364 elementor-section-boxed elementor-section-height-default elementor-section-height-default\" data-id=\"67b2a364\" data-element_type=\"section\">\n\t\t\t\t\t\t<div class=\"elementor-container elementor-column-gap-default\">\n\t\t\t\t\t<div class=\"elementor-column elementor-col-100 elementor-top-column elementor-element elementor-element-65b2f1d9\" data-id=\"65b2f1d9\" data-element_type=\"column\">\n\t\t\t<div class=\"elementor-widget-wrap elementor-element-populated\">\n\t\t\t\t\t\t<div class=\"elementor-element elementor-element-475b848f elementor-widget elementor-widget-gallery\" data-id=\"475b848f\" data-element_type=\"widget\" data-settings=\"{&quot;gallery_layout&quot;:&quot;justified&quot;,&quot;ideal_row_height&quot;:{&quot;unit&quot;:&quot;px&quot;,&quot;size&quot;:230,&quot;sizes&quot;:[]},&quot;gap&quot;:{&quot;unit&quot;:&quot;px&quot;,&quot;size&quot;:5,&quot;sizes&quot;:[]},&quot;lazyload&quot;:&quot;yes&quot;,&quot;ideal_row_height_tablet&quot;:{&quot;unit&quot;:&quot;px&quot;,&quot;size&quot;:150,&quot;sizes&quot;:[]},&quot;ideal_row_height_mobile&quot;:{&quot;unit&quot;:&quot;px&quot;,&quot;size&quot;:150,&quot;sizes&quot;:[]},&quot;gap_tablet&quot;:{&quot;unit&quot;:&quot;px&quot;,&quot;size&quot;:10,&quot;sizes&quot;:[]},&quot;gap_mobile&quot;:{&quot;unit&quot;:&quot;px&quot;,&quot;size&quot;:10,&quot;sizes&quot;:[]},&quot;link_to&quot;:&quot;file&quot;,&quot;overlay_background&quot;:&quot;yes&quot;,&quot;content_hover_animation&quot;:&quot;fade-in&quot;}\" data-widget_type=\"gallery.default\">\n\t\t\t\t<div class=\"elementor-widget-container\">\n\t\t\t\t\t\t\t<div class=\"elementor-gallery__container\">\n\t\t\t\t\t\t\t<a class=\"e-gallery-item elementor-gallery-item elementor-animated-content\" href=\"https:\/\/aci-tunisie.com\/wp-content\/uploads\/2023\/08\/The-residence-1.jpg\" data-elementor-open-lightbox=\"yes\" data-elementor-lightbox-slideshow=\"475b848f\" data-e-action-hash=\"#elementor-action%3Aaction%3Dlightbox%26settings%3DeyJpZCI6MzU1LCJ1cmwiOiJodHRwczpcL1wvYWNpLXR1bmlzaWUuY29tXC93cC1jb250ZW50XC91cGxvYWRzXC8yMDIzXC8wOFwvVGhlLXJlc2lkZW5jZS0xLmpwZyIsInNsaWRlc2hvdyI6IjQ3NWI4NDhmIn0%3D\">\n\t\t\t\t\t<div class=\"e-gallery-image elementor-gallery-item__image\" data-thumbnail=\"https:\/\/aci-tunisie.com\/wp-content\/uploads\/2023\/08\/The-residence-1.jpg\" data-width=\"726\" data-height=\"900\" aria-label=\"\" role=\"img\" ><\/div>\n\t\t\t\t\t\t\t\t\t\t\t<div class=\"elementor-gallery-item__overlay\"><\/div>\n\t\t\t\t\t\t\t\t\t\t\t\t\t\t<\/a>\n\t\t\t\t\t\t\t<a class=\"e-gallery-item elementor-gallery-item elementor-animated-content\" href=\"https:\/\/aci-tunisie.com\/wp-content\/uploads\/2023\/08\/The-residence-2.jpg\" data-elementor-open-lightbox=\"yes\" data-elementor-lightbox-slideshow=\"475b848f\" data-e-action-hash=\"#elementor-action%3Aaction%3Dlightbox%26settings%3DeyJpZCI6MzU2LCJ1cmwiOiJodHRwczpcL1wvYWNpLXR1bmlzaWUuY29tXC93cC1jb250ZW50XC91cGxvYWRzXC8yMDIzXC8wOFwvVGhlLXJlc2lkZW5jZS0yLmpwZyIsInNsaWRlc2hvdyI6IjQ3NWI4NDhmIn0%3D\">\n\t\t\t\t\t<div class=\"e-gallery-image elementor-gallery-item__image\" data-thumbnail=\"https:\/\/aci-tunisie.com\/wp-content\/uploads\/2023\/08\/The-residence-2-1024x811.jpg\" data-width=\"800\" data-height=\"634\" aria-label=\"\" role=\"img\" ><\/div>\n\t\t\t\t\t\t\t\t\t\t\t<div class=\"elementor-gallery-item__overlay\"><\/div>\n\t\t\t\t\t\t\t\t\t\t\t\t\t\t<\/a>\n\t\t\t\t\t\t\t<a class=\"e-gallery-item elementor-gallery-item elementor-animated-content\" href=\"https:\/\/aci-tunisie.com\/wp-content\/uploads\/2023\/08\/The-residence-3.jpg\" data-elementor-open-lightbox=\"yes\" data-elementor-lightbox-slideshow=\"475b848f\" data-e-action-hash=\"#elementor-action%3Aaction%3Dlightbox%26settings%3DeyJpZCI6MzU3LCJ1cmwiOiJodHRwczpcL1wvYWNpLXR1bmlzaWUuY29tXC93cC1jb250ZW50XC91cGxvYWRzXC8yMDIzXC8wOFwvVGhlLXJlc2lkZW5jZS0zLmpwZyIsInNsaWRlc2hvdyI6IjQ3NWI4NDhmIn0%3D\">\n\t\t\t\t\t<div class=\"e-gallery-image elementor-gallery-item__image\" data-thumbnail=\"https:\/\/aci-tunisie.com\/wp-content\/uploads\/2023\/08\/The-residence-3-1024x682.jpg\" data-width=\"800\" data-height=\"533\" aria-label=\"\" role=\"img\" ><\/div>\n\t\t\t\t\t\t\t\t\t\t\t<div class=\"elementor-gallery-item__overlay\"><\/div>\n\t\t\t\t\t\t\t\t\t\t\t\t\t\t<\/a>\n\t\t\t\t\t\t\t<a class=\"e-gallery-item elementor-gallery-item elementor-animated-content\" href=\"https:\/\/aci-tunisie.com\/wp-content\/uploads\/2023\/08\/The-residence-4.jpg\" data-elementor-open-lightbox=\"yes\" data-elementor-lightbox-slideshow=\"475b848f\" data-e-action-hash=\"#elementor-action%3Aaction%3Dlightbox%26settings%3DeyJpZCI6MzU5LCJ1cmwiOiJodHRwczpcL1wvYWNpLXR1bmlzaWUuY29tXC93cC1jb250ZW50XC91cGxvYWRzXC8yMDIzXC8wOFwvVGhlLXJlc2lkZW5jZS00LmpwZyIsInNsaWRlc2hvdyI6IjQ3NWI4NDhmIn0%3D\">\n\t\t\t\t\t<div class=\"e-gallery-image elementor-gallery-item__image\" data-thumbnail=\"https:\/\/aci-tunisie.com\/wp-content\/uploads\/2023\/08\/The-residence-4.jpg\" data-width=\"800\" data-height=\"706\" aria-label=\"\" role=\"img\" ><\/div>\n\t\t\t\t\t\t\t\t\t\t\t<div class=\"elementor-gallery-item__overlay\"><\/div>\n\t\t\t\t\t\t\t\t\t\t\t\t\t\t<\/a>\n\t\t\t\t\t\t\t<a class=\"e-gallery-item elementor-gallery-item elementor-animated-content\" href=\"https:\/\/aci-tunisie.com\/wp-content\/uploads\/2023\/08\/The-residence-5.jpg\" data-elementor-open-lightbox=\"yes\" data-elementor-lightbox-slideshow=\"475b848f\" data-e-action-hash=\"#elementor-action%3Aaction%3Dlightbox%26settings%3DeyJpZCI6MzYwLCJ1cmwiOiJodHRwczpcL1wvYWNpLXR1bmlzaWUuY29tXC93cC1jb250ZW50XC91cGxvYWRzXC8yMDIzXC8wOFwvVGhlLXJlc2lkZW5jZS01LmpwZyIsInNsaWRlc2hvdyI6IjQ3NWI4NDhmIn0%3D\">\n\t\t\t\t\t<div class=\"e-gallery-image elementor-gallery-item__image\" data-thumbnail=\"https:\/\/aci-tunisie.com\/wp-content\/uploads\/2023\/08\/The-residence-5-1024x661.jpg\" data-width=\"800\" data-height=\"516\" aria-label=\"\" role=\"img\" ><\/div>\n\t\t\t\t\t\t\t\t\t\t\t<div class=\"elementor-gallery-item__overlay\"><\/div>\n\t\t\t\t\t\t\t\t\t\t\t\t\t\t<\/a>\n\t\t\t\t\t\t\t<a class=\"e-gallery-item elementor-gallery-item elementor-animated-content\" href=\"https:\/\/aci-tunisie.com\/wp-content\/uploads\/2023\/08\/The-residence-6.jpg\" data-elementor-open-lightbox=\"yes\" data-elementor-lightbox-slideshow=\"475b848f\" data-e-action-hash=\"#elementor-action%3Aaction%3Dlightbox%26settings%3DeyJpZCI6MzYxLCJ1cmwiOiJodHRwczpcL1wvYWNpLXR1bmlzaWUuY29tXC93cC1jb250ZW50XC91cGxvYWRzXC8yMDIzXC8wOFwvVGhlLXJlc2lkZW5jZS02LmpwZyIsInNsaWRlc2hvdyI6IjQ3NWI4NDhmIn0%3D\">\n\t\t\t\t\t<div class=\"e-gallery-image elementor-gallery-item__image\" data-thumbnail=\"https:\/\/aci-tunisie.com\/wp-content\/uploads\/2023\/08\/The-residence-6-1024x728.jpg\" data-width=\"800\" data-height=\"569\" aria-label=\"\" role=\"img\" ><\/div>\n\t\t\t\t\t\t\t\t\t\t\t<div class=\"elementor-gallery-item__overlay\"><\/div>\n\t\t\t\t\t\t\t\t\t\t\t\t\t\t<\/a>\n\t\t\t\t\t\t\t<a class=\"e-gallery-item elementor-gallery-item elementor-animated-content\" href=\"https:\/\/aci-tunisie.com\/wp-content\/uploads\/2023\/08\/The-residence-7.png\" data-elementor-open-lightbox=\"yes\" data-elementor-lightbox-slideshow=\"475b848f\" data-e-action-hash=\"#elementor-action%3Aaction%3Dlightbox%26settings%3DeyJpZCI6MzYyLCJ1cmwiOiJodHRwczpcL1wvYWNpLXR1bmlzaWUuY29tXC93cC1jb250ZW50XC91cGxvYWRzXC8yMDIzXC8wOFwvVGhlLXJlc2lkZW5jZS03LnBuZyIsInNsaWRlc2hvdyI6IjQ3NWI4NDhmIn0%3D\">\n\t\t\t\t\t<div class=\"e-gallery-image elementor-gallery-item__image\" data-thumbnail=\"https:\/\/aci-tunisie.com\/wp-content\/uploads\/2023\/08\/The-residence-7.png\" data-width=\"800\" data-height=\"436\" aria-label=\"\" role=\"img\" ><\/div>\n\t\t\t\t\t\t\t\t\t\t\t<div class=\"elementor-gallery-item__overlay\"><\/div>\n\t\t\t\t\t\t\t\t\t\t\t\t\t\t<\/a>\n\t\t\t\t\t\t\t<a class=\"e-gallery-item elementor-gallery-item elementor-animated-content\" href=\"https:\/\/aci-tunisie.com\/wp-content\/uploads\/2023\/08\/The-residence-8.png\" data-elementor-open-lightbox=\"yes\" data-elementor-lightbox-slideshow=\"475b848f\" data-e-action-hash=\"#elementor-action%3Aaction%3Dlightbox%26settings%3DeyJpZCI6MzYzLCJ1cmwiOiJodHRwczpcL1wvYWNpLXR1bmlzaWUuY29tXC93cC1jb250ZW50XC91cGxvYWRzXC8yMDIzXC8wOFwvVGhlLXJlc2lkZW5jZS04LnBuZyIsInNsaWRlc2hvdyI6IjQ3NWI4NDhmIn0%3D\">\n\t\t\t\t\t<div class=\"e-gallery-image elementor-gallery-item__image\" data-thumbnail=\"https:\/\/aci-tunisie.com\/wp-content\/uploads\/2023\/08\/The-residence-8.png\" data-width=\"800\" data-height=\"440\" aria-label=\"\" role=\"img\" ><\/div>\n\t\t\t\t\t\t\t\t\t\t\t<div class=\"elementor-gallery-item__overlay\"><\/div>\n\t\t\t\t\t\t\t\t\t\t\t\t\t\t<\/a>\n\t\t\t\t\t<\/div>\n\t\t\t\t\t<\/div>\n\t\t\t\t<\/div>\n\t\t\t\t\t<\/div>\n\t\t<\/div>\n\t\t\t\t\t<\/div>\n\t\t<\/section>\n\t\t\t\t<section class=\"elementor-section elementor-top-section elementor-element elementor-element-e83bc81 elementor-section-boxed elementor-section-height-default elementor-section-height-default\" data-id=\"e83bc81\" data-element_type=\"section\" data-settings=\"{&quot;background_background&quot;:&quot;classic&quot;}\">\n\t\t\t\t\t\t<div class=\"elementor-container elementor-column-gap-default\">\n\t\t\t\t\t<div class=\"elementor-column elementor-col-50 elementor-top-column elementor-element elementor-element-8c26a92\" data-id=\"8c26a92\" data-element_type=\"column\" data-settings=\"{&quot;background_background&quot;:&quot;classic&quot;}\">\n\t\t\t<div class=\"elementor-widget-wrap elementor-element-populated\">\n\t\t\t\t\t\t<div class=\"elementor-element elementor-element-468872b elementor-widget elementor-widget-text-editor\" data-id=\"468872b\" data-element_type=\"widget\" data-widget_type=\"text-editor.default\">\n\t\t\t\t<div class=\"elementor-widget-container\">\n\t\t\t\t\t\t\t\t\t<p><strong>Project:<\/strong> The Residence H\u00f4tel<\/p><p><strong>Location:<\/strong>\u00a0<span style=\"color: var( --e-global-color-text ); font-family: var( --e-global-typography-text-font-family ), Sans-serif; font-size: var( --e-global-typography-text-font-size ); font-style: var( --e-global-typography-text-font-style ); font-weight: var( --e-global-typography-text-font-weight ); letter-spacing: var( --e-global-typography-text-letter-spacing ); text-transform: var( --e-global-typography-text-text-transform ); background-color: var( --e-global-color-63d57f8 );\">Gammarth \u2013 Tunis \u2013 Tunisia<\/span><\/p><p><strong>Components:<\/strong> 5 stars Hotel with a thalassotherapy center\u00a0<\/p><p><strong>Client: <\/strong>Singapore Touristic Investment Company STIC<\/p><p><strong>Design team:<\/strong> ACI<\/p><p><strong>Contractor:<\/strong> ETRAPH<\/p><p><strong>Task:<\/strong><span class=\"s1\">Full design package<\/span>\/ Site follow up<\/p>\t\t\t\t\t\t\t\t<\/div>\n\t\t\t\t<\/div>\n\t\t\t\t\t<\/div>\n\t\t<\/div>\n\t\t\t\t<div class=\"elementor-column elementor-col-50 elementor-top-column elementor-element elementor-element-62f572f\" data-id=\"62f572f\" data-element_type=\"column\" data-settings=\"{&quot;background_background&quot;:&quot;classic&quot;}\">\n\t\t\t<div class=\"elementor-widget-wrap elementor-element-populated\">\n\t\t\t\t\t\t<div class=\"elementor-element elementor-element-25ced31 elementor-widget elementor-widget-text-editor\" data-id=\"25ced31\" data-element_type=\"widget\" data-widget_type=\"text-editor.default\">\n\t\t\t\t<div class=\"elementor-widget-container\">\n\t\t\t\t\t\t\t\t\t<p class=\"p1\"><strong>Design phase duration:<\/strong> 24 months<\/p><p class=\"p1\"><strong>Design phase duration:<\/strong> 1990<\/p><p class=\"p1\"><strong>Phase duration <\/strong><strong>construction:<\/strong> 36 mois<\/p><p><strong>Start date:<\/strong> 1992<\/p><p><strong>End date:<\/strong> 1995<\/p><p class=\"p1\"><strong>Total covered area:<\/strong> 35 000m\u00b2<\/p><p class=\"p1\"><strong>Project cost:<\/strong> U$ 30 millions<\/p>\t\t\t\t\t\t\t\t<\/div>\n\t\t\t\t<\/div>\n\t\t\t\t\t<\/div>\n\t\t<\/div>\n\t\t\t\t\t<\/div>\n\t\t<\/section>\n\t\t\t\t<\/div>","protected":false},"excerpt":{"rendered":"<p>The residence Projet: The Residence H\u00f4tel Lieu:\u00a0Gammarth &#8211; Tunis &#8211; Tunisie Composants: H\u00f4tel 5 \u00e9toiles avec un centre de thalassoth\u00e9rapie\u00a0 Client: Singapore Touristic Investment Company STIC Ma\u00eetre d&rsquo;oeuvre: ACI Entrepreneur: ETRAPH Mission:Maitrise d&rsquo;oeuvre \u00ab\u00a0\u00e9tude et suivi\u00a0\u00bb\/ Suivi complet du chantier Dur\u00e9e de la phase de conception: 24 mois Date du d\u00e9but de conception: 1990 Dur\u00e9e [&hellip;]<\/p>","protected":false},"author":1,"featured_media":0,"parent":0,"menu_order":0,"comment_status":"closed","ping_status":"closed","template":"elementor_header_footer","meta":{"footnotes":""},"class_list":["post-353","page","type-page","status-publish","hentry"],"_links":{"self":[{"href":"https:\/\/aci-tunisie.com\/en\/wp-json\/wp\/v2\/pages\/353","targetHints":{"allow":["GET"]}}],"collection":[{"href":"https:\/\/aci-tunisie.com\/en\/wp-json\/wp\/v2\/pages"}],"about":[{"href":"https:\/\/aci-tunisie.com\/en\/wp-json\/wp\/v2\/types\/page"}],"author":[{"embeddable":true,"href":"https:\/\/aci-tunisie.com\/en\/wp-json\/wp\/v2\/users\/1"}],"replies":[{"embeddable":true,"href":"https:\/\/aci-tunisie.com\/en\/wp-json\/wp\/v2\/comments?post=353"}],"version-history":[{"count":13,"href":"https:\/\/aci-tunisie.com\/en\/wp-json\/wp\/v2\/pages\/353\/revisions"}],"predecessor-version":[{"id":1169,"href":"https:\/\/aci-tunisie.com\/en\/wp-json\/wp\/v2\/pages\/353\/revisions\/1169"}],"wp:attachment":[{"href":"https:\/\/aci-tunisie.com\/en\/wp-json\/wp\/v2\/media?parent=353"}],"curies":[{"name":"wp","href":"https:\/\/api.w.org\/{rel}","templated":true}]}}