{"id":394,"date":"2023-08-07T10:59:56","date_gmt":"2023-08-07T10:59:56","guid":{"rendered":"https:\/\/aci-tunisie.com\/?page_id=394"},"modified":"2023-08-07T11:43:38","modified_gmt":"2023-08-07T11:43:38","slug":"hotel-ghadames","status":"publish","type":"page","link":"https:\/\/aci-tunisie.com\/en\/hotel-ghadames\/","title":{"rendered":"H\u00f4tel Ghadames"},"content":{"rendered":"<div data-elementor-type=\"wp-page\" data-elementor-id=\"394\" class=\"elementor elementor-394\" data-elementor-post-type=\"page\">\n\t\t\t\t\t\t<section class=\"elementor-section elementor-top-section elementor-element elementor-element-52f9c9a elementor-section-boxed elementor-section-height-default elementor-section-height-default\" data-id=\"52f9c9a\" data-element_type=\"section\">\n\t\t\t\t\t\t<div class=\"elementor-container elementor-column-gap-default\">\n\t\t\t\t\t<div class=\"elementor-column elementor-col-100 elementor-top-column elementor-element elementor-element-cce8f12\" data-id=\"cce8f12\" data-element_type=\"column\">\n\t\t\t<div class=\"elementor-widget-wrap elementor-element-populated\">\n\t\t\t\t\t\t<div class=\"elementor-element elementor-element-5e2d090 elementor-widget elementor-widget-heading\" data-id=\"5e2d090\" data-element_type=\"widget\" data-widget_type=\"heading.default\">\n\t\t\t\t<div class=\"elementor-widget-container\">\n\t\t\t\t\t<h2 class=\"elementor-heading-title elementor-size-default\">H\u00f4tel Ghadames<\/h2>\t\t\t\t<\/div>\n\t\t\t\t<\/div>\n\t\t\t\t\t<\/div>\n\t\t<\/div>\n\t\t\t\t\t<\/div>\n\t\t<\/section>\n\t\t\t\t<section class=\"elementor-section elementor-top-section elementor-element elementor-element-a48bfa6 elementor-section-boxed elementor-section-height-default elementor-section-height-default\" data-id=\"a48bfa6\" data-element_type=\"section\">\n\t\t\t\t\t\t<div class=\"elementor-container elementor-column-gap-default\">\n\t\t\t\t\t<div class=\"elementor-column elementor-col-100 elementor-top-column elementor-element elementor-element-ce96cac\" data-id=\"ce96cac\" data-element_type=\"column\">\n\t\t\t<div class=\"elementor-widget-wrap elementor-element-populated\">\n\t\t\t\t\t\t<div class=\"elementor-element elementor-element-2fbb60d elementor-arrows-position-inside elementor-widget elementor-widget-image-carousel\" data-id=\"2fbb60d\" data-element_type=\"widget\" data-settings=\"{&quot;slides_to_show&quot;:&quot;1&quot;,&quot;navigation&quot;:&quot;arrows&quot;,&quot;autoplay&quot;:&quot;yes&quot;,&quot;pause_on_hover&quot;:&quot;yes&quot;,&quot;pause_on_interaction&quot;:&quot;yes&quot;,&quot;autoplay_speed&quot;:5000,&quot;infinite&quot;:&quot;yes&quot;,&quot;effect&quot;:&quot;slide&quot;,&quot;speed&quot;:500}\" data-widget_type=\"image-carousel.default\">\n\t\t\t\t<div class=\"elementor-widget-container\">\n\t\t\t\t\t\t\t<div class=\"elementor-image-carousel-wrapper swiper\" role=\"region\" aria-roledescription=\"carousel\" aria-label=\"Image Carousel\" dir=\"ltr\">\n\t\t\t<div class=\"elementor-image-carousel swiper-wrapper\" aria-live=\"off\">\n\t\t\t\t\t\t\t\t<div class=\"swiper-slide\" role=\"group\" aria-roledescription=\"slide\" aria-label=\"1 of 2\"><figure class=\"swiper-slide-inner\"><img decoding=\"async\" class=\"swiper-slide-image\" src=\"https:\/\/aci-tunisie.com\/wp-content\/uploads\/elementor\/thumbs\/Hotel-Ghadames-1-qak4xrl7sn0bllnkouda9wj6k72mih0wvdf967ryx4.png\" alt=\"Ho\u0302tel Ghadames 1\" \/><\/figure><\/div><div class=\"swiper-slide\" role=\"group\" aria-roledescription=\"slide\" aria-label=\"2 of 2\"><figure class=\"swiper-slide-inner\"><img decoding=\"async\" class=\"swiper-slide-image\" src=\"https:\/\/aci-tunisie.com\/wp-content\/uploads\/elementor\/thumbs\/Hotel-Ghadames-2-qak4xy634h9buve0mf7o9cvepw670cr189znj5i7pk.png\" alt=\"Ho\u0302tel Ghadames 2\" \/><\/figure><\/div>\t\t\t<\/div>\n\t\t\t\t\t\t\t\t\t\t\t\t<div class=\"elementor-swiper-button elementor-swiper-button-prev\" role=\"button\" tabindex=\"0\">\n\t\t\t\t\t\t<i aria-hidden=\"true\" class=\"eicon-chevron-left\"><\/i>\t\t\t\t\t<\/div>\n\t\t\t\t\t<div class=\"elementor-swiper-button elementor-swiper-button-next\" role=\"button\" tabindex=\"0\">\n\t\t\t\t\t\t<i aria-hidden=\"true\" class=\"eicon-chevron-right\"><\/i>\t\t\t\t\t<\/div>\n\t\t\t\t\n\t\t\t\t\t\t\t\t\t<\/div>\n\t\t\t\t\t\t<\/div>\n\t\t\t\t<\/div>\n\t\t\t\t\t<\/div>\n\t\t<\/div>\n\t\t\t\t\t<\/div>\n\t\t<\/section>\n\t\t\t\t<section class=\"elementor-section elementor-top-section elementor-element elementor-element-e83bc81 elementor-section-boxed elementor-section-height-default elementor-section-height-default\" data-id=\"e83bc81\" data-element_type=\"section\" data-settings=\"{&quot;background_background&quot;:&quot;classic&quot;}\">\n\t\t\t\t\t\t<div class=\"elementor-container elementor-column-gap-default\">\n\t\t\t\t\t<div class=\"elementor-column elementor-col-50 elementor-top-column elementor-element elementor-element-8c26a92\" data-id=\"8c26a92\" data-element_type=\"column\" data-settings=\"{&quot;background_background&quot;:&quot;classic&quot;}\">\n\t\t\t<div class=\"elementor-widget-wrap elementor-element-populated\">\n\t\t\t\t\t\t<div class=\"elementor-element elementor-element-468872b elementor-widget elementor-widget-text-editor\" data-id=\"468872b\" data-element_type=\"widget\" data-widget_type=\"text-editor.default\">\n\t\t\t\t<div class=\"elementor-widget-container\">\n\t\t\t\t\t\t\t\t\t<p><strong>Project:<\/strong> H\u00f4tel Ghadames<\/p><p><strong>Location:<\/strong> Ghadames &#8211; Libye<\/p><p><strong>Components:<\/strong> H\u00f4tel de charme &#8211; 50 chambres\u00a0<\/p><p><strong>Client\/owner: <\/strong>CAR CLUB<\/p><p><strong>Design Team:<\/strong> ACI \/ ITQAN<\/p><p><strong>Contractor:<\/strong> ETRAPH<\/p><p><strong>T\u00e2che:<\/strong> Conception compl\u00e8te<\/p>\t\t\t\t\t\t\t\t<\/div>\n\t\t\t\t<\/div>\n\t\t\t\t\t<\/div>\n\t\t<\/div>\n\t\t\t\t<div class=\"elementor-column elementor-col-50 elementor-top-column elementor-element elementor-element-62f572f\" data-id=\"62f572f\" data-element_type=\"column\" data-settings=\"{&quot;background_background&quot;:&quot;classic&quot;}\">\n\t\t\t<div class=\"elementor-widget-wrap elementor-element-populated\">\n\t\t\t\t\t\t<div class=\"elementor-element elementor-element-25ced31 elementor-widget elementor-widget-text-editor\" data-id=\"25ced31\" data-element_type=\"widget\" data-widget_type=\"text-editor.default\">\n\t\t\t\t<div class=\"elementor-widget-container\">\n\t\t\t\t\t\t\t\t\t<p class=\"p1\"><strong>Design phase duration:<\/strong> 9 mois<\/p><p class=\"p1\"><strong>Start date design:<\/strong> Avril 2001<\/p><p class=\"p1\"><strong>Phase duration <\/strong><strong>construction:<\/strong>\u00a0<br \/>24 months<\/p><p><strong>Date du d\u00e9but du chantier:<\/strong> D\u00e9cembre 2002<\/p><p><strong>Date de fin:<\/strong> D\u00e9cembre 2005<\/p><p class=\"p1\"><strong>Total covered area:<\/strong> 12 000m\u00b2<\/p><p class=\"p1\"><strong>Project cost:<\/strong> U$ 15 millions<\/p>\t\t\t\t\t\t\t\t<\/div>\n\t\t\t\t<\/div>\n\t\t\t\t\t<\/div>\n\t\t<\/div>\n\t\t\t\t\t<\/div>\n\t\t<\/section>\n\t\t\t\t<\/div>","protected":false},"excerpt":{"rendered":"<p>H\u00f4tel Ghadames Project: H\u00f4tel Ghadames Location: Ghadames &#8211; Libye Composants: H\u00f4tel de charme &#8211; 50 chambres\u00a0 Client\/propri\u00e9taire: CAR CLUB Equipe de design: ACI \/ ITQAN Entrepreneur: ETRAPH T\u00e2che: Conception compl\u00e8te Dur\u00e9e de la phase de conception: 9 mois Date du d\u00e9but de la conception: Avril 2001 Dur\u00e9e de la phase de construction:\u00a024 mois Date du [&hellip;]<\/p>","protected":false},"author":1,"featured_media":0,"parent":0,"menu_order":0,"comment_status":"closed","ping_status":"closed","template":"elementor_header_footer","meta":{"footnotes":""},"class_list":["post-394","page","type-page","status-publish","hentry"],"_links":{"self":[{"href":"https:\/\/aci-tunisie.com\/en\/wp-json\/wp\/v2\/pages\/394","targetHints":{"allow":["GET"]}}],"collection":[{"href":"https:\/\/aci-tunisie.com\/en\/wp-json\/wp\/v2\/pages"}],"about":[{"href":"https:\/\/aci-tunisie.com\/en\/wp-json\/wp\/v2\/types\/page"}],"author":[{"embeddable":true,"href":"https:\/\/aci-tunisie.com\/en\/wp-json\/wp\/v2\/users\/1"}],"replies":[{"embeddable":true,"href":"https:\/\/aci-tunisie.com\/en\/wp-json\/wp\/v2\/comments?post=394"}],"version-history":[{"count":4,"href":"https:\/\/aci-tunisie.com\/en\/wp-json\/wp\/v2\/pages\/394\/revisions"}],"predecessor-version":[{"id":401,"href":"https:\/\/aci-tunisie.com\/en\/wp-json\/wp\/v2\/pages\/394\/revisions\/401"}],"wp:attachment":[{"href":"https:\/\/aci-tunisie.com\/en\/wp-json\/wp\/v2\/media?parent=394"}],"curies":[{"name":"wp","href":"https:\/\/api.w.org\/{rel}","templated":true}]}}