{"id":440,"date":"2023-08-07T12:51:52","date_gmt":"2023-08-07T12:51:52","guid":{"rendered":"https:\/\/aci-tunisie.com\/?page_id=440"},"modified":"2025-04-02T15:57:48","modified_gmt":"2025-04-02T15:57:48","slug":"hotel-marriott-tunisie","status":"publish","type":"page","link":"https:\/\/aci-tunisie.com\/en\/hotel-marriott-tunisie\/","title":{"rendered":"H\u00f4tel Marriott Tunisie"},"content":{"rendered":"<div data-elementor-type=\"wp-page\" data-elementor-id=\"440\" class=\"elementor elementor-440\" data-elementor-post-type=\"page\">\n\t\t\t\t\t\t<section class=\"elementor-section elementor-top-section elementor-element elementor-element-52f9c9a elementor-section-boxed elementor-section-height-default elementor-section-height-default\" data-id=\"52f9c9a\" data-element_type=\"section\">\n\t\t\t\t\t\t<div class=\"elementor-container elementor-column-gap-default\">\n\t\t\t\t\t<div class=\"elementor-column elementor-col-100 elementor-top-column elementor-element elementor-element-cce8f12\" data-id=\"cce8f12\" data-element_type=\"column\">\n\t\t\t<div class=\"elementor-widget-wrap elementor-element-populated\">\n\t\t\t\t\t\t<div class=\"elementor-element elementor-element-5e2d090 elementor-widget elementor-widget-heading\" data-id=\"5e2d090\" data-element_type=\"widget\" data-widget_type=\"heading.default\">\n\t\t\t\t<div class=\"elementor-widget-container\">\n\t\t\t\t\t<h2 class=\"elementor-heading-title elementor-size-default\">H\u00f4tel Marriott Tunisie<\/h2>\t\t\t\t<\/div>\n\t\t\t\t<\/div>\n\t\t\t\t\t<\/div>\n\t\t<\/div>\n\t\t\t\t\t<\/div>\n\t\t<\/section>\n\t\t\t\t<section class=\"elementor-section elementor-top-section elementor-element elementor-element-a48bfa6 elementor-section-boxed elementor-section-height-default elementor-section-height-default\" data-id=\"a48bfa6\" data-element_type=\"section\">\n\t\t\t\t\t\t<div class=\"elementor-container elementor-column-gap-default\">\n\t\t\t\t\t<div class=\"elementor-column elementor-col-100 elementor-top-column elementor-element elementor-element-ce96cac\" data-id=\"ce96cac\" data-element_type=\"column\">\n\t\t\t<div class=\"elementor-widget-wrap elementor-element-populated\">\n\t\t\t\t\t\t<div class=\"elementor-element elementor-element-4579619 elementor-widget elementor-widget-gallery\" data-id=\"4579619\" data-element_type=\"widget\" data-settings=\"{&quot;gallery_layout&quot;:&quot;justified&quot;,&quot;ideal_row_height&quot;:{&quot;unit&quot;:&quot;px&quot;,&quot;size&quot;:230,&quot;sizes&quot;:[]},&quot;gap&quot;:{&quot;unit&quot;:&quot;px&quot;,&quot;size&quot;:5,&quot;sizes&quot;:[]},&quot;lazyload&quot;:&quot;yes&quot;,&quot;ideal_row_height_tablet&quot;:{&quot;unit&quot;:&quot;px&quot;,&quot;size&quot;:150,&quot;sizes&quot;:[]},&quot;ideal_row_height_mobile&quot;:{&quot;unit&quot;:&quot;px&quot;,&quot;size&quot;:150,&quot;sizes&quot;:[]},&quot;gap_tablet&quot;:{&quot;unit&quot;:&quot;px&quot;,&quot;size&quot;:10,&quot;sizes&quot;:[]},&quot;gap_mobile&quot;:{&quot;unit&quot;:&quot;px&quot;,&quot;size&quot;:10,&quot;sizes&quot;:[]},&quot;link_to&quot;:&quot;file&quot;,&quot;overlay_background&quot;:&quot;yes&quot;,&quot;content_hover_animation&quot;:&quot;fade-in&quot;}\" data-widget_type=\"gallery.default\">\n\t\t\t\t<div class=\"elementor-widget-container\">\n\t\t\t\t\t\t\t<div class=\"elementor-gallery__container\">\n\t\t\t\t\t\t\t<a class=\"e-gallery-item elementor-gallery-item elementor-animated-content\" href=\"https:\/\/aci-tunisie.com\/wp-content\/uploads\/2023\/08\/Hotel-Marriott-Tunisie.png\" data-elementor-open-lightbox=\"yes\" data-elementor-lightbox-slideshow=\"4579619\" data-e-action-hash=\"#elementor-action%3Aaction%3Dlightbox%26settings%3DeyJpZCI6NDQyLCJ1cmwiOiJodHRwczpcL1wvYWNpLXR1bmlzaWUuY29tXC93cC1jb250ZW50XC91cGxvYWRzXC8yMDIzXC8wOFwvSG90ZWwtTWFycmlvdHQtVHVuaXNpZS5wbmciLCJzbGlkZXNob3ciOiI0NTc5NjE5In0%3D\">\n\t\t\t\t\t<div class=\"e-gallery-image elementor-gallery-item__image\" data-thumbnail=\"https:\/\/aci-tunisie.com\/wp-content\/uploads\/2023\/08\/Hotel-Marriott-Tunisie.png\" data-width=\"800\" data-height=\"661\" aria-label=\"\" role=\"img\" ><\/div>\n\t\t\t\t\t\t\t\t\t\t\t<div class=\"elementor-gallery-item__overlay\"><\/div>\n\t\t\t\t\t\t\t\t\t\t\t\t\t\t<\/a>\n\t\t\t\t\t\t\t<a class=\"e-gallery-item elementor-gallery-item elementor-animated-content\" href=\"https:\/\/aci-tunisie.com\/wp-content\/uploads\/2023\/08\/Hotel-Marriott-Tunisie-1.png\" data-elementor-open-lightbox=\"yes\" data-elementor-lightbox-slideshow=\"4579619\" data-e-action-hash=\"#elementor-action%3Aaction%3Dlightbox%26settings%3DeyJpZCI6NDQzLCJ1cmwiOiJodHRwczpcL1wvYWNpLXR1bmlzaWUuY29tXC93cC1jb250ZW50XC91cGxvYWRzXC8yMDIzXC8wOFwvSG90ZWwtTWFycmlvdHQtVHVuaXNpZS0xLnBuZyIsInNsaWRlc2hvdyI6IjQ1Nzk2MTkifQ%3D%3D\">\n\t\t\t\t\t<div class=\"e-gallery-image elementor-gallery-item__image\" data-thumbnail=\"https:\/\/aci-tunisie.com\/wp-content\/uploads\/2023\/08\/Hotel-Marriott-Tunisie-1.png\" data-width=\"682\" data-height=\"426\" aria-label=\"\" role=\"img\" ><\/div>\n\t\t\t\t\t\t\t\t\t\t\t<div class=\"elementor-gallery-item__overlay\"><\/div>\n\t\t\t\t\t\t\t\t\t\t\t\t\t\t<\/a>\n\t\t\t\t\t\t\t<a class=\"e-gallery-item elementor-gallery-item elementor-animated-content\" href=\"https:\/\/aci-tunisie.com\/wp-content\/uploads\/2023\/08\/Hotel-Marriott-Tunisie-2.png\" data-elementor-open-lightbox=\"yes\" data-elementor-lightbox-slideshow=\"4579619\" data-e-action-hash=\"#elementor-action%3Aaction%3Dlightbox%26settings%3DeyJpZCI6NDQ0LCJ1cmwiOiJodHRwczpcL1wvYWNpLXR1bmlzaWUuY29tXC93cC1jb250ZW50XC91cGxvYWRzXC8yMDIzXC8wOFwvSG90ZWwtTWFycmlvdHQtVHVuaXNpZS0yLnBuZyIsInNsaWRlc2hvdyI6IjQ1Nzk2MTkifQ%3D%3D\">\n\t\t\t\t\t<div class=\"e-gallery-image elementor-gallery-item__image\" data-thumbnail=\"https:\/\/aci-tunisie.com\/wp-content\/uploads\/2023\/08\/Hotel-Marriott-Tunisie-2.png\" data-width=\"682\" data-height=\"426\" aria-label=\"\" role=\"img\" ><\/div>\n\t\t\t\t\t\t\t\t\t\t\t<div class=\"elementor-gallery-item__overlay\"><\/div>\n\t\t\t\t\t\t\t\t\t\t\t\t\t\t<\/a>\n\t\t\t\t\t\t\t<a class=\"e-gallery-item elementor-gallery-item elementor-animated-content\" href=\"https:\/\/aci-tunisie.com\/wp-content\/uploads\/2023\/08\/Hotel-Marriott-Tunisie-4.png\" data-elementor-open-lightbox=\"yes\" data-elementor-lightbox-slideshow=\"4579619\" data-e-action-hash=\"#elementor-action%3Aaction%3Dlightbox%26settings%3DeyJpZCI6NDQ1LCJ1cmwiOiJodHRwczpcL1wvYWNpLXR1bmlzaWUuY29tXC93cC1jb250ZW50XC91cGxvYWRzXC8yMDIzXC8wOFwvSG90ZWwtTWFycmlvdHQtVHVuaXNpZS00LnBuZyIsInNsaWRlc2hvdyI6IjQ1Nzk2MTkifQ%3D%3D\">\n\t\t\t\t\t<div class=\"e-gallery-image elementor-gallery-item__image\" data-thumbnail=\"https:\/\/aci-tunisie.com\/wp-content\/uploads\/2023\/08\/Hotel-Marriott-Tunisie-4.png\" data-width=\"728\" data-height=\"460\" aria-label=\"\" role=\"img\" ><\/div>\n\t\t\t\t\t\t\t\t\t\t\t<div class=\"elementor-gallery-item__overlay\"><\/div>\n\t\t\t\t\t\t\t\t\t\t\t\t\t\t<\/a>\n\t\t\t\t\t\t\t<a class=\"e-gallery-item elementor-gallery-item elementor-animated-content\" href=\"https:\/\/aci-tunisie.com\/wp-content\/uploads\/2023\/08\/Hotel-Marriott-Tunisie-5.png\" data-elementor-open-lightbox=\"yes\" data-elementor-lightbox-slideshow=\"4579619\" data-e-action-hash=\"#elementor-action%3Aaction%3Dlightbox%26settings%3DeyJpZCI6NDQ2LCJ1cmwiOiJodHRwczpcL1wvYWNpLXR1bmlzaWUuY29tXC93cC1jb250ZW50XC91cGxvYWRzXC8yMDIzXC8wOFwvSG90ZWwtTWFycmlvdHQtVHVuaXNpZS01LnBuZyIsInNsaWRlc2hvdyI6IjQ1Nzk2MTkifQ%3D%3D\">\n\t\t\t\t\t<div class=\"e-gallery-image elementor-gallery-item__image\" data-thumbnail=\"https:\/\/aci-tunisie.com\/wp-content\/uploads\/2023\/08\/Hotel-Marriott-Tunisie-5.png\" data-width=\"800\" data-height=\"454\" aria-label=\"\" role=\"img\" ><\/div>\n\t\t\t\t\t\t\t\t\t\t\t<div class=\"elementor-gallery-item__overlay\"><\/div>\n\t\t\t\t\t\t\t\t\t\t\t\t\t\t<\/a>\n\t\t\t\t\t\t\t<a class=\"e-gallery-item elementor-gallery-item elementor-animated-content\" href=\"https:\/\/aci-tunisie.com\/wp-content\/uploads\/2023\/08\/Hotel-Marriott-Tunisie-6.png\" data-elementor-open-lightbox=\"yes\" data-elementor-lightbox-slideshow=\"4579619\" data-e-action-hash=\"#elementor-action%3Aaction%3Dlightbox%26settings%3DeyJpZCI6NDQ3LCJ1cmwiOiJodHRwczpcL1wvYWNpLXR1bmlzaWUuY29tXC93cC1jb250ZW50XC91cGxvYWRzXC8yMDIzXC8wOFwvSG90ZWwtTWFycmlvdHQtVHVuaXNpZS02LnBuZyIsInNsaWRlc2hvdyI6IjQ1Nzk2MTkifQ%3D%3D\">\n\t\t\t\t\t<div class=\"e-gallery-image elementor-gallery-item__image\" data-thumbnail=\"https:\/\/aci-tunisie.com\/wp-content\/uploads\/2023\/08\/Hotel-Marriott-Tunisie-6.png\" data-width=\"783\" data-height=\"531\" aria-label=\"\" role=\"img\" ><\/div>\n\t\t\t\t\t\t\t\t\t\t\t<div class=\"elementor-gallery-item__overlay\"><\/div>\n\t\t\t\t\t\t\t\t\t\t\t\t\t\t<\/a>\n\t\t\t\t\t\t\t<a class=\"e-gallery-item elementor-gallery-item elementor-animated-content\" href=\"https:\/\/aci-tunisie.com\/wp-content\/uploads\/2023\/08\/Hotel-Marriott-Tunisie-7.png\" data-elementor-open-lightbox=\"yes\" data-elementor-lightbox-slideshow=\"4579619\" data-e-action-hash=\"#elementor-action%3Aaction%3Dlightbox%26settings%3DeyJpZCI6NDQ5LCJ1cmwiOiJodHRwczpcL1wvYWNpLXR1bmlzaWUuY29tXC93cC1jb250ZW50XC91cGxvYWRzXC8yMDIzXC8wOFwvSG90ZWwtTWFycmlvdHQtVHVuaXNpZS03LnBuZyIsInNsaWRlc2hvdyI6IjQ1Nzk2MTkifQ%3D%3D\">\n\t\t\t\t\t<div class=\"e-gallery-image elementor-gallery-item__image\" data-thumbnail=\"https:\/\/aci-tunisie.com\/wp-content\/uploads\/2023\/08\/Hotel-Marriott-Tunisie-7.png\" data-width=\"800\" data-height=\"455\" aria-label=\"\" role=\"img\" ><\/div>\n\t\t\t\t\t\t\t\t\t\t\t<div class=\"elementor-gallery-item__overlay\"><\/div>\n\t\t\t\t\t\t\t\t\t\t\t\t\t\t<\/a>\n\t\t\t\t\t\t\t<a class=\"e-gallery-item elementor-gallery-item elementor-animated-content\" href=\"https:\/\/aci-tunisie.com\/wp-content\/uploads\/2023\/08\/Hotel-Marriott-Tunisie-8.png\" data-elementor-open-lightbox=\"yes\" data-elementor-lightbox-slideshow=\"4579619\" data-e-action-hash=\"#elementor-action%3Aaction%3Dlightbox%26settings%3DeyJpZCI6NDUwLCJ1cmwiOiJodHRwczpcL1wvYWNpLXR1bmlzaWUuY29tXC93cC1jb250ZW50XC91cGxvYWRzXC8yMDIzXC8wOFwvSG90ZWwtTWFycmlvdHQtVHVuaXNpZS04LnBuZyIsInNsaWRlc2hvdyI6IjQ1Nzk2MTkifQ%3D%3D\">\n\t\t\t\t\t<div class=\"e-gallery-image elementor-gallery-item__image\" data-thumbnail=\"https:\/\/aci-tunisie.com\/wp-content\/uploads\/2023\/08\/Hotel-Marriott-Tunisie-8.png\" data-width=\"800\" data-height=\"455\" aria-label=\"\" role=\"img\" ><\/div>\n\t\t\t\t\t\t\t\t\t\t\t<div class=\"elementor-gallery-item__overlay\"><\/div>\n\t\t\t\t\t\t\t\t\t\t\t\t\t\t<\/a>\n\t\t\t\t\t\t\t<a class=\"e-gallery-item elementor-gallery-item elementor-animated-content\" href=\"https:\/\/aci-tunisie.com\/wp-content\/uploads\/2023\/08\/Hotel-Marriott-Tunisie-9.png\" data-elementor-open-lightbox=\"yes\" data-elementor-lightbox-slideshow=\"4579619\" data-e-action-hash=\"#elementor-action%3Aaction%3Dlightbox%26settings%3DeyJpZCI6NDUxLCJ1cmwiOiJodHRwczpcL1wvYWNpLXR1bmlzaWUuY29tXC93cC1jb250ZW50XC91cGxvYWRzXC8yMDIzXC8wOFwvSG90ZWwtTWFycmlvdHQtVHVuaXNpZS05LnBuZyIsInNsaWRlc2hvdyI6IjQ1Nzk2MTkifQ%3D%3D\">\n\t\t\t\t\t<div class=\"e-gallery-image elementor-gallery-item__image\" data-thumbnail=\"https:\/\/aci-tunisie.com\/wp-content\/uploads\/2023\/08\/Hotel-Marriott-Tunisie-9.png\" data-width=\"800\" data-height=\"457\" aria-label=\"\" role=\"img\" ><\/div>\n\t\t\t\t\t\t\t\t\t\t\t<div class=\"elementor-gallery-item__overlay\"><\/div>\n\t\t\t\t\t\t\t\t\t\t\t\t\t\t<\/a>\n\t\t\t\t\t\t\t<a class=\"e-gallery-item elementor-gallery-item elementor-animated-content\" href=\"https:\/\/aci-tunisie.com\/wp-content\/uploads\/2023\/08\/Hotel-Marriott-Tunisie-10.png\" data-elementor-open-lightbox=\"yes\" data-elementor-lightbox-slideshow=\"4579619\" data-e-action-hash=\"#elementor-action%3Aaction%3Dlightbox%26settings%3DeyJpZCI6NDUyLCJ1cmwiOiJodHRwczpcL1wvYWNpLXR1bmlzaWUuY29tXC93cC1jb250ZW50XC91cGxvYWRzXC8yMDIzXC8wOFwvSG90ZWwtTWFycmlvdHQtVHVuaXNpZS0xMC5wbmciLCJzbGlkZXNob3ciOiI0NTc5NjE5In0%3D\">\n\t\t\t\t\t<div class=\"e-gallery-image elementor-gallery-item__image\" data-thumbnail=\"https:\/\/aci-tunisie.com\/wp-content\/uploads\/2023\/08\/Hotel-Marriott-Tunisie-10.png\" data-width=\"800\" data-height=\"454\" aria-label=\"\" role=\"img\" ><\/div>\n\t\t\t\t\t\t\t\t\t\t\t<div class=\"elementor-gallery-item__overlay\"><\/div>\n\t\t\t\t\t\t\t\t\t\t\t\t\t\t<\/a>\n\t\t\t\t\t\t\t<a class=\"e-gallery-item elementor-gallery-item elementor-animated-content\" href=\"https:\/\/aci-tunisie.com\/wp-content\/uploads\/2023\/08\/Hotel-Marriott-Tunisie-11.png\" data-elementor-open-lightbox=\"yes\" data-elementor-lightbox-slideshow=\"4579619\" data-e-action-hash=\"#elementor-action%3Aaction%3Dlightbox%26settings%3DeyJpZCI6NDUzLCJ1cmwiOiJodHRwczpcL1wvYWNpLXR1bmlzaWUuY29tXC93cC1jb250ZW50XC91cGxvYWRzXC8yMDIzXC8wOFwvSG90ZWwtTWFycmlvdHQtVHVuaXNpZS0xMS5wbmciLCJzbGlkZXNob3ciOiI0NTc5NjE5In0%3D\">\n\t\t\t\t\t<div class=\"e-gallery-image elementor-gallery-item__image\" data-thumbnail=\"https:\/\/aci-tunisie.com\/wp-content\/uploads\/2023\/08\/Hotel-Marriott-Tunisie-11.png\" data-width=\"800\" data-height=\"447\" aria-label=\"\" role=\"img\" ><\/div>\n\t\t\t\t\t\t\t\t\t\t\t<div class=\"elementor-gallery-item__overlay\"><\/div>\n\t\t\t\t\t\t\t\t\t\t\t\t\t\t<\/a>\n\t\t\t\t\t\t\t<a class=\"e-gallery-item elementor-gallery-item elementor-animated-content\" href=\"https:\/\/aci-tunisie.com\/wp-content\/uploads\/2023\/08\/Hotel-Marriott-Tunisie-12.png\" data-elementor-open-lightbox=\"yes\" data-elementor-lightbox-slideshow=\"4579619\" data-e-action-hash=\"#elementor-action%3Aaction%3Dlightbox%26settings%3DeyJpZCI6NDU0LCJ1cmwiOiJodHRwczpcL1wvYWNpLXR1bmlzaWUuY29tXC93cC1jb250ZW50XC91cGxvYWRzXC8yMDIzXC8wOFwvSG90ZWwtTWFycmlvdHQtVHVuaXNpZS0xMi5wbmciLCJzbGlkZXNob3ciOiI0NTc5NjE5In0%3D\">\n\t\t\t\t\t<div class=\"e-gallery-image elementor-gallery-item__image\" data-thumbnail=\"https:\/\/aci-tunisie.com\/wp-content\/uploads\/2023\/08\/Hotel-Marriott-Tunisie-12.png\" data-width=\"772\" data-height=\"486\" aria-label=\"\" role=\"img\" ><\/div>\n\t\t\t\t\t\t\t\t\t\t\t<div class=\"elementor-gallery-item__overlay\"><\/div>\n\t\t\t\t\t\t\t\t\t\t\t\t\t\t<\/a>\n\t\t\t\t\t\t\t<a class=\"e-gallery-item elementor-gallery-item elementor-animated-content\" href=\"https:\/\/aci-tunisie.com\/wp-content\/uploads\/2023\/08\/Hotel-Marriott-Tunisie-13.png\" data-elementor-open-lightbox=\"yes\" data-elementor-lightbox-slideshow=\"4579619\" data-e-action-hash=\"#elementor-action%3Aaction%3Dlightbox%26settings%3DeyJpZCI6NDU1LCJ1cmwiOiJodHRwczpcL1wvYWNpLXR1bmlzaWUuY29tXC93cC1jb250ZW50XC91cGxvYWRzXC8yMDIzXC8wOFwvSG90ZWwtTWFycmlvdHQtVHVuaXNpZS0xMy5wbmciLCJzbGlkZXNob3ciOiI0NTc5NjE5In0%3D\">\n\t\t\t\t\t<div class=\"e-gallery-image elementor-gallery-item__image\" data-thumbnail=\"https:\/\/aci-tunisie.com\/wp-content\/uploads\/2023\/08\/Hotel-Marriott-Tunisie-13.png\" data-width=\"762\" data-height=\"486\" aria-label=\"\" role=\"img\" ><\/div>\n\t\t\t\t\t\t\t\t\t\t\t<div class=\"elementor-gallery-item__overlay\"><\/div>\n\t\t\t\t\t\t\t\t\t\t\t\t\t\t<\/a>\n\t\t\t\t\t\t\t<a class=\"e-gallery-item elementor-gallery-item elementor-animated-content\" href=\"https:\/\/aci-tunisie.com\/wp-content\/uploads\/2023\/08\/Hotel-Marriott-Tunisie-14.png\" data-elementor-open-lightbox=\"yes\" data-elementor-lightbox-slideshow=\"4579619\" data-e-action-hash=\"#elementor-action%3Aaction%3Dlightbox%26settings%3DeyJpZCI6NDU2LCJ1cmwiOiJodHRwczpcL1wvYWNpLXR1bmlzaWUuY29tXC93cC1jb250ZW50XC91cGxvYWRzXC8yMDIzXC8wOFwvSG90ZWwtTWFycmlvdHQtVHVuaXNpZS0xNC5wbmciLCJzbGlkZXNob3ciOiI0NTc5NjE5In0%3D\">\n\t\t\t\t\t<div class=\"e-gallery-image elementor-gallery-item__image\" data-thumbnail=\"https:\/\/aci-tunisie.com\/wp-content\/uploads\/2023\/08\/Hotel-Marriott-Tunisie-14.png\" data-width=\"762\" data-height=\"428\" aria-label=\"\" role=\"img\" ><\/div>\n\t\t\t\t\t\t\t\t\t\t\t<div class=\"elementor-gallery-item__overlay\"><\/div>\n\t\t\t\t\t\t\t\t\t\t\t\t\t\t<\/a>\n\t\t\t\t\t\t\t<a class=\"e-gallery-item elementor-gallery-item elementor-animated-content\" href=\"https:\/\/aci-tunisie.com\/wp-content\/uploads\/2023\/08\/Hotel-Marriott-Tunisie-15.png\" data-elementor-open-lightbox=\"yes\" data-elementor-lightbox-slideshow=\"4579619\" data-e-action-hash=\"#elementor-action%3Aaction%3Dlightbox%26settings%3DeyJpZCI6NDU3LCJ1cmwiOiJodHRwczpcL1wvYWNpLXR1bmlzaWUuY29tXC93cC1jb250ZW50XC91cGxvYWRzXC8yMDIzXC8wOFwvSG90ZWwtTWFycmlvdHQtVHVuaXNpZS0xNS5wbmciLCJzbGlkZXNob3ciOiI0NTc5NjE5In0%3D\">\n\t\t\t\t\t<div class=\"e-gallery-image elementor-gallery-item__image\" data-thumbnail=\"https:\/\/aci-tunisie.com\/wp-content\/uploads\/2023\/08\/Hotel-Marriott-Tunisie-15.png\" data-width=\"758\" data-height=\"428\" aria-label=\"\" role=\"img\" ><\/div>\n\t\t\t\t\t\t\t\t\t\t\t<div class=\"elementor-gallery-item__overlay\"><\/div>\n\t\t\t\t\t\t\t\t\t\t\t\t\t\t<\/a>\n\t\t\t\t\t\t\t<a class=\"e-gallery-item elementor-gallery-item elementor-animated-content\" href=\"https:\/\/aci-tunisie.com\/wp-content\/uploads\/2023\/08\/Hotel-Marriott-Tunisie-16.png\" data-elementor-open-lightbox=\"yes\" data-elementor-lightbox-slideshow=\"4579619\" data-e-action-hash=\"#elementor-action%3Aaction%3Dlightbox%26settings%3DeyJpZCI6NDU4LCJ1cmwiOiJodHRwczpcL1wvYWNpLXR1bmlzaWUuY29tXC93cC1jb250ZW50XC91cGxvYWRzXC8yMDIzXC8wOFwvSG90ZWwtTWFycmlvdHQtVHVuaXNpZS0xNi5wbmciLCJzbGlkZXNob3ciOiI0NTc5NjE5In0%3D\">\n\t\t\t\t\t<div class=\"e-gallery-image elementor-gallery-item__image\" data-thumbnail=\"https:\/\/aci-tunisie.com\/wp-content\/uploads\/2023\/08\/Hotel-Marriott-Tunisie-16.png\" data-width=\"800\" data-height=\"501\" aria-label=\"\" role=\"img\" ><\/div>\n\t\t\t\t\t\t\t\t\t\t\t<div class=\"elementor-gallery-item__overlay\"><\/div>\n\t\t\t\t\t\t\t\t\t\t\t\t\t\t<\/a>\n\t\t\t\t\t\t\t<a class=\"e-gallery-item elementor-gallery-item elementor-animated-content\" href=\"https:\/\/aci-tunisie.com\/wp-content\/uploads\/2023\/08\/Hotel-Marriott-Tunisie-17.png\" data-elementor-open-lightbox=\"yes\" data-elementor-lightbox-slideshow=\"4579619\" data-e-action-hash=\"#elementor-action%3Aaction%3Dlightbox%26settings%3DeyJpZCI6NDU5LCJ1cmwiOiJodHRwczpcL1wvYWNpLXR1bmlzaWUuY29tXC93cC1jb250ZW50XC91cGxvYWRzXC8yMDIzXC8wOFwvSG90ZWwtTWFycmlvdHQtVHVuaXNpZS0xNy5wbmciLCJzbGlkZXNob3ciOiI0NTc5NjE5In0%3D\">\n\t\t\t\t\t<div class=\"e-gallery-image elementor-gallery-item__image\" data-thumbnail=\"https:\/\/aci-tunisie.com\/wp-content\/uploads\/2023\/08\/Hotel-Marriott-Tunisie-17.png\" data-width=\"550\" data-height=\"590\" aria-label=\"\" role=\"img\" ><\/div>\n\t\t\t\t\t\t\t\t\t\t\t<div class=\"elementor-gallery-item__overlay\"><\/div>\n\t\t\t\t\t\t\t\t\t\t\t\t\t\t<\/a>\n\t\t\t\t\t\t\t<a class=\"e-gallery-item elementor-gallery-item elementor-animated-content\" href=\"https:\/\/aci-tunisie.com\/wp-content\/uploads\/2023\/08\/Hotel-Marriott-Tunisie-18.png\" data-elementor-open-lightbox=\"yes\" data-elementor-lightbox-slideshow=\"4579619\" data-e-action-hash=\"#elementor-action%3Aaction%3Dlightbox%26settings%3DeyJpZCI6NDYwLCJ1cmwiOiJodHRwczpcL1wvYWNpLXR1bmlzaWUuY29tXC93cC1jb250ZW50XC91cGxvYWRzXC8yMDIzXC8wOFwvSG90ZWwtTWFycmlvdHQtVHVuaXNpZS0xOC5wbmciLCJzbGlkZXNob3ciOiI0NTc5NjE5In0%3D\">\n\t\t\t\t\t<div class=\"e-gallery-image elementor-gallery-item__image\" data-thumbnail=\"https:\/\/aci-tunisie.com\/wp-content\/uploads\/2023\/08\/Hotel-Marriott-Tunisie-18.png\" data-width=\"520\" data-height=\"430\" aria-label=\"\" role=\"img\" ><\/div>\n\t\t\t\t\t\t\t\t\t\t\t<div class=\"elementor-gallery-item__overlay\"><\/div>\n\t\t\t\t\t\t\t\t\t\t\t\t\t\t<\/a>\n\t\t\t\t\t\t\t<a class=\"e-gallery-item elementor-gallery-item elementor-animated-content\" href=\"https:\/\/aci-tunisie.com\/wp-content\/uploads\/2023\/08\/Hotel-Marriott-Tunisie-19.png\" data-elementor-open-lightbox=\"yes\" data-elementor-lightbox-slideshow=\"4579619\" data-e-action-hash=\"#elementor-action%3Aaction%3Dlightbox%26settings%3DeyJpZCI6NDYxLCJ1cmwiOiJodHRwczpcL1wvYWNpLXR1bmlzaWUuY29tXC93cC1jb250ZW50XC91cGxvYWRzXC8yMDIzXC8wOFwvSG90ZWwtTWFycmlvdHQtVHVuaXNpZS0xOS5wbmciLCJzbGlkZXNob3ciOiI0NTc5NjE5In0%3D\">\n\t\t\t\t\t<div class=\"e-gallery-image elementor-gallery-item__image\" data-thumbnail=\"https:\/\/aci-tunisie.com\/wp-content\/uploads\/2023\/08\/Hotel-Marriott-Tunisie-19.png\" data-width=\"678\" data-height=\"426\" aria-label=\"\" role=\"img\" ><\/div>\n\t\t\t\t\t\t\t\t\t\t\t<div class=\"elementor-gallery-item__overlay\"><\/div>\n\t\t\t\t\t\t\t\t\t\t\t\t\t\t<\/a>\n\t\t\t\t\t<\/div>\n\t\t\t\t\t<\/div>\n\t\t\t\t<\/div>\n\t\t\t\t\t<\/div>\n\t\t<\/div>\n\t\t\t\t\t<\/div>\n\t\t<\/section>\n\t\t\t\t<section class=\"elementor-section elementor-top-section elementor-element elementor-element-e83bc81 elementor-section-boxed elementor-section-height-default elementor-section-height-default\" data-id=\"e83bc81\" data-element_type=\"section\" data-settings=\"{&quot;background_background&quot;:&quot;classic&quot;}\">\n\t\t\t\t\t\t<div class=\"elementor-container elementor-column-gap-default\">\n\t\t\t\t\t<div class=\"elementor-column elementor-col-50 elementor-top-column elementor-element elementor-element-8c26a92\" data-id=\"8c26a92\" data-element_type=\"column\" data-settings=\"{&quot;background_background&quot;:&quot;classic&quot;}\">\n\t\t\t<div class=\"elementor-widget-wrap elementor-element-populated\">\n\t\t\t\t\t\t<div class=\"elementor-element elementor-element-468872b elementor-widget elementor-widget-text-editor\" data-id=\"468872b\" data-element_type=\"widget\" data-widget_type=\"text-editor.default\">\n\t\t\t\t<div class=\"elementor-widget-container\">\n\t\t\t\t\t\t\t\t\t<p><strong>Proje<\/strong><strong>t:<\/strong> MARRIOTT Tunis<\/p><p><strong>Location:<\/strong>\u00a0<span style=\"color: var( --e-global-color-text ); font-family: var( --e-global-typography-text-font-family ), Sans-serif; font-size: var( --e-global-typography-text-font-size ); font-style: var( --e-global-typography-text-font-style ); font-weight: var( --e-global-typography-text-font-weight ); letter-spacing: var( --e-global-typography-text-letter-spacing ); text-transform: var( --e-global-typography-text-text-transform ); background-color: var( --e-global-color-63d57f8 );\">Centre urbain Tunis &#8211; Tunisia<\/span><\/p><p><strong>Components:<\/strong> 5 stars hotel<\/p><p><strong>Client: <\/strong>MANGO SA Tunis<\/p><p><strong>Design team: <\/strong>ACI\/POLYSTUDIO<\/p><p><strong>Contractor: <\/strong>SOSKA ETOSA ESPAGNE<\/p><p><strong>Task: <\/strong><span class=\"s1\">All design missions &amp; follow up\u00a0<\/span>\/ Suivi du chantier<\/p>\t\t\t\t\t\t\t\t<\/div>\n\t\t\t\t<\/div>\n\t\t\t\t\t<\/div>\n\t\t<\/div>\n\t\t\t\t<div class=\"elementor-column elementor-col-50 elementor-top-column elementor-element elementor-element-62f572f\" data-id=\"62f572f\" data-element_type=\"column\" data-settings=\"{&quot;background_background&quot;:&quot;classic&quot;}\">\n\t\t\t<div class=\"elementor-widget-wrap elementor-element-populated\">\n\t\t\t\t\t\t<div class=\"elementor-element elementor-element-25ced31 elementor-widget elementor-widget-text-editor\" data-id=\"25ced31\" data-element_type=\"widget\" data-widget_type=\"text-editor.default\">\n\t\t\t\t<div class=\"elementor-widget-container\">\n\t\t\t\t\t\t\t\t\t<p class=\"p1\"><strong>Design phase duration:<\/strong> 12 months<\/p><p class=\"p1\"><strong>Start date design: <\/strong>Octobre 2012<\/p><p class=\"p1\"><strong>Phase duration <\/strong><strong>construction:<\/strong>\u00a0<br \/>24 months<\/p><p><strong>Start date:<\/strong> Septembre 2014<\/p><p><strong>End date:<\/strong> Septembre 2016<\/p><p class=\"p1\"><strong>Total covered area:<\/strong> 25 000m\u00b2<\/p><p><strong>Total development area: <\/strong>2800m\u00b2<\/p><p class=\"p1\"><strong>Project cost:<\/strong> U$ 45 millions<\/p>\t\t\t\t\t\t\t\t<\/div>\n\t\t\t\t<\/div>\n\t\t\t\t\t<\/div>\n\t\t<\/div>\n\t\t\t\t\t<\/div>\n\t\t<\/section>\n\t\t\t\t<\/div>","protected":false},"excerpt":{"rendered":"<p>H\u00f4tel Marriott Tunisie Projet: MARRIOTT Tunis Lieu:\u00a0Centre urbain Tunis &#8211; Tunisia Composants: H\u00f4tel 5 \u00e9toiles Client: MANGO SA Tunis Ma\u00eetre d&rsquo;oeuvre: ACI\/POLYSTUDIO Entrepreneur: SOSKA ETOSA ESPAGNE Mission: Maitrise d&rsquo;oeuvre et suivi du chantier\u00a0\/ Suivi du chantier Dur\u00e9e de la phase de conception: 12 mois Date du d\u00e9but de la conception: Octobre 2012 Dur\u00e9e de la [&hellip;]<\/p>","protected":false},"author":1,"featured_media":0,"parent":0,"menu_order":0,"comment_status":"closed","ping_status":"closed","template":"elementor_header_footer","meta":{"footnotes":""},"class_list":["post-440","page","type-page","status-publish","hentry"],"_links":{"self":[{"href":"https:\/\/aci-tunisie.com\/en\/wp-json\/wp\/v2\/pages\/440","targetHints":{"allow":["GET"]}}],"collection":[{"href":"https:\/\/aci-tunisie.com\/en\/wp-json\/wp\/v2\/pages"}],"about":[{"href":"https:\/\/aci-tunisie.com\/en\/wp-json\/wp\/v2\/types\/page"}],"author":[{"embeddable":true,"href":"https:\/\/aci-tunisie.com\/en\/wp-json\/wp\/v2\/users\/1"}],"replies":[{"embeddable":true,"href":"https:\/\/aci-tunisie.com\/en\/wp-json\/wp\/v2\/comments?post=440"}],"version-history":[{"count":16,"href":"https:\/\/aci-tunisie.com\/en\/wp-json\/wp\/v2\/pages\/440\/revisions"}],"predecessor-version":[{"id":1272,"href":"https:\/\/aci-tunisie.com\/en\/wp-json\/wp\/v2\/pages\/440\/revisions\/1272"}],"wp:attachment":[{"href":"https:\/\/aci-tunisie.com\/en\/wp-json\/wp\/v2\/media?parent=440"}],"curies":[{"name":"wp","href":"https:\/\/api.w.org\/{rel}","templated":true}]}}