{"id":465,"date":"2023-08-07T15:41:31","date_gmt":"2023-08-07T15:41:31","guid":{"rendered":"https:\/\/aci-tunisie.com\/?page_id=465"},"modified":"2024-05-21T18:46:38","modified_gmt":"2024-05-21T18:46:38","slug":"gammarth-center","status":"publish","type":"page","link":"https:\/\/aci-tunisie.com\/en\/gammarth-center\/","title":{"rendered":"Gammarth Center"},"content":{"rendered":"<div data-elementor-type=\"wp-page\" data-elementor-id=\"465\" class=\"elementor elementor-465\" data-elementor-post-type=\"page\">\n\t\t\t\t\t\t<section class=\"elementor-section elementor-top-section elementor-element elementor-element-52f9c9a elementor-section-boxed elementor-section-height-default elementor-section-height-default\" data-id=\"52f9c9a\" data-element_type=\"section\">\n\t\t\t\t\t\t<div class=\"elementor-container elementor-column-gap-default\">\n\t\t\t\t\t<div class=\"elementor-column elementor-col-100 elementor-top-column elementor-element elementor-element-cce8f12\" data-id=\"cce8f12\" data-element_type=\"column\">\n\t\t\t<div class=\"elementor-widget-wrap elementor-element-populated\">\n\t\t\t\t\t\t<div class=\"elementor-element elementor-element-5e2d090 elementor-widget elementor-widget-heading\" data-id=\"5e2d090\" data-element_type=\"widget\" data-widget_type=\"heading.default\">\n\t\t\t\t<div class=\"elementor-widget-container\">\n\t\t\t\t\t<h2 class=\"elementor-heading-title elementor-size-default\">Gammarth Center<\/h2>\t\t\t\t<\/div>\n\t\t\t\t<\/div>\n\t\t\t\t\t<\/div>\n\t\t<\/div>\n\t\t\t\t\t<\/div>\n\t\t<\/section>\n\t\t\t\t<section class=\"elementor-section elementor-top-section elementor-element elementor-element-a48bfa6 elementor-section-boxed elementor-section-height-default elementor-section-height-default\" data-id=\"a48bfa6\" data-element_type=\"section\">\n\t\t\t\t\t\t<div class=\"elementor-container elementor-column-gap-default\">\n\t\t\t\t\t<div class=\"elementor-column elementor-col-100 elementor-top-column elementor-element elementor-element-ce96cac\" data-id=\"ce96cac\" data-element_type=\"column\">\n\t\t\t<div class=\"elementor-widget-wrap elementor-element-populated\">\n\t\t\t\t\t\t<div class=\"elementor-element elementor-element-4579619 elementor-widget elementor-widget-gallery\" data-id=\"4579619\" data-element_type=\"widget\" data-settings=\"{&quot;gallery_layout&quot;:&quot;justified&quot;,&quot;ideal_row_height&quot;:{&quot;unit&quot;:&quot;px&quot;,&quot;size&quot;:230,&quot;sizes&quot;:[]},&quot;gap&quot;:{&quot;unit&quot;:&quot;px&quot;,&quot;size&quot;:5,&quot;sizes&quot;:[]},&quot;lazyload&quot;:&quot;yes&quot;,&quot;ideal_row_height_tablet&quot;:{&quot;unit&quot;:&quot;px&quot;,&quot;size&quot;:150,&quot;sizes&quot;:[]},&quot;ideal_row_height_mobile&quot;:{&quot;unit&quot;:&quot;px&quot;,&quot;size&quot;:150,&quot;sizes&quot;:[]},&quot;gap_tablet&quot;:{&quot;unit&quot;:&quot;px&quot;,&quot;size&quot;:10,&quot;sizes&quot;:[]},&quot;gap_mobile&quot;:{&quot;unit&quot;:&quot;px&quot;,&quot;size&quot;:10,&quot;sizes&quot;:[]},&quot;link_to&quot;:&quot;file&quot;,&quot;overlay_background&quot;:&quot;yes&quot;,&quot;content_hover_animation&quot;:&quot;fade-in&quot;}\" data-widget_type=\"gallery.default\">\n\t\t\t\t<div class=\"elementor-widget-container\">\n\t\t\t\t\t\t\t<div class=\"elementor-gallery__container\">\n\t\t\t\t\t\t\t<a class=\"e-gallery-item elementor-gallery-item elementor-animated-content\" href=\"https:\/\/aci-tunisie.com\/wp-content\/uploads\/2023\/08\/Gammarth-Center-1.png\" data-elementor-open-lightbox=\"yes\" data-elementor-lightbox-slideshow=\"4579619\" data-e-action-hash=\"#elementor-action%3Aaction%3Dlightbox%26settings%3DeyJpZCI6NDY4LCJ1cmwiOiJodHRwczpcL1wvYWNpLXR1bmlzaWUuY29tXC93cC1jb250ZW50XC91cGxvYWRzXC8yMDIzXC8wOFwvR2FtbWFydGgtQ2VudGVyLTEucG5nIiwic2xpZGVzaG93IjoiNDU3OTYxOSJ9\">\n\t\t\t\t\t<div class=\"e-gallery-image elementor-gallery-item__image\" data-thumbnail=\"https:\/\/aci-tunisie.com\/wp-content\/uploads\/2023\/08\/Gammarth-Center-1.png\" data-width=\"800\" data-height=\"386\" aria-label=\"\" role=\"img\" ><\/div>\n\t\t\t\t\t\t\t\t\t\t\t<div class=\"elementor-gallery-item__overlay\"><\/div>\n\t\t\t\t\t\t\t\t\t\t\t\t\t\t<\/a>\n\t\t\t\t\t\t\t<a class=\"e-gallery-item elementor-gallery-item elementor-animated-content\" href=\"https:\/\/aci-tunisie.com\/wp-content\/uploads\/2023\/08\/Gammarth-Center-2.jpg\" data-elementor-open-lightbox=\"yes\" data-elementor-lightbox-slideshow=\"4579619\" data-e-action-hash=\"#elementor-action%3Aaction%3Dlightbox%26settings%3DeyJpZCI6NDY5LCJ1cmwiOiJodHRwczpcL1wvYWNpLXR1bmlzaWUuY29tXC93cC1jb250ZW50XC91cGxvYWRzXC8yMDIzXC8wOFwvR2FtbWFydGgtQ2VudGVyLTIuanBnIiwic2xpZGVzaG93IjoiNDU3OTYxOSJ9\">\n\t\t\t\t\t<div class=\"e-gallery-image elementor-gallery-item__image\" data-thumbnail=\"https:\/\/aci-tunisie.com\/wp-content\/uploads\/2023\/08\/Gammarth-Center-2.jpg\" data-width=\"800\" data-height=\"533\" aria-label=\"\" role=\"img\" ><\/div>\n\t\t\t\t\t\t\t\t\t\t\t<div class=\"elementor-gallery-item__overlay\"><\/div>\n\t\t\t\t\t\t\t\t\t\t\t\t\t\t<\/a>\n\t\t\t\t\t\t\t<a class=\"e-gallery-item elementor-gallery-item elementor-animated-content\" href=\"https:\/\/aci-tunisie.com\/wp-content\/uploads\/2023\/08\/Gammarth-Center-3.jpg\" data-elementor-open-lightbox=\"yes\" data-elementor-lightbox-slideshow=\"4579619\" data-elementor-lightbox-title=\"Gammarth Center 3\" data-e-action-hash=\"#elementor-action%3Aaction%3Dlightbox%26settings%3DeyJpZCI6NDcwLCJ1cmwiOiJodHRwczpcL1wvYWNpLXR1bmlzaWUuY29tXC93cC1jb250ZW50XC91cGxvYWRzXC8yMDIzXC8wOFwvR2FtbWFydGgtQ2VudGVyLTMuanBnIiwic2xpZGVzaG93IjoiNDU3OTYxOSJ9\">\n\t\t\t\t\t<div class=\"e-gallery-image elementor-gallery-item__image\" data-thumbnail=\"https:\/\/aci-tunisie.com\/wp-content\/uploads\/2023\/08\/Gammarth-Center-3.jpg\" data-width=\"720\" data-height=\"400\" aria-label=\"\" role=\"img\" ><\/div>\n\t\t\t\t\t\t\t\t\t\t\t<div class=\"elementor-gallery-item__overlay\"><\/div>\n\t\t\t\t\t\t\t\t\t\t\t\t\t\t<\/a>\n\t\t\t\t\t\t\t<a class=\"e-gallery-item elementor-gallery-item elementor-animated-content\" href=\"https:\/\/aci-tunisie.com\/wp-content\/uploads\/2023\/08\/Gammarth-Center-4.jpg\" data-elementor-open-lightbox=\"yes\" data-elementor-lightbox-slideshow=\"4579619\" data-e-action-hash=\"#elementor-action%3Aaction%3Dlightbox%26settings%3DeyJpZCI6NDcxLCJ1cmwiOiJodHRwczpcL1wvYWNpLXR1bmlzaWUuY29tXC93cC1jb250ZW50XC91cGxvYWRzXC8yMDIzXC8wOFwvR2FtbWFydGgtQ2VudGVyLTQuanBnIiwic2xpZGVzaG93IjoiNDU3OTYxOSJ9\">\n\t\t\t\t\t<div class=\"e-gallery-image elementor-gallery-item__image\" data-thumbnail=\"https:\/\/aci-tunisie.com\/wp-content\/uploads\/2023\/08\/Gammarth-Center-4.jpg\" data-width=\"640\" data-height=\"960\" aria-label=\"\" role=\"img\" ><\/div>\n\t\t\t\t\t\t\t\t\t\t\t<div class=\"elementor-gallery-item__overlay\"><\/div>\n\t\t\t\t\t\t\t\t\t\t\t\t\t\t<\/a>\n\t\t\t\t\t\t\t<a class=\"e-gallery-item elementor-gallery-item elementor-animated-content\" href=\"https:\/\/aci-tunisie.com\/wp-content\/uploads\/2023\/08\/Gammarth-Center-5.jpg\" data-elementor-open-lightbox=\"yes\" data-elementor-lightbox-slideshow=\"4579619\" data-e-action-hash=\"#elementor-action%3Aaction%3Dlightbox%26settings%3DeyJpZCI6NDcyLCJ1cmwiOiJodHRwczpcL1wvYWNpLXR1bmlzaWUuY29tXC93cC1jb250ZW50XC91cGxvYWRzXC8yMDIzXC8wOFwvR2FtbWFydGgtQ2VudGVyLTUuanBnIiwic2xpZGVzaG93IjoiNDU3OTYxOSJ9\">\n\t\t\t\t\t<div class=\"e-gallery-image elementor-gallery-item__image\" data-thumbnail=\"https:\/\/aci-tunisie.com\/wp-content\/uploads\/2023\/08\/Gammarth-Center-5.jpg\" data-width=\"800\" data-height=\"533\" aria-label=\"\" role=\"img\" ><\/div>\n\t\t\t\t\t\t\t\t\t\t\t<div class=\"elementor-gallery-item__overlay\"><\/div>\n\t\t\t\t\t\t\t\t\t\t\t\t\t\t<\/a>\n\t\t\t\t\t\t\t<a class=\"e-gallery-item elementor-gallery-item elementor-animated-content\" href=\"https:\/\/aci-tunisie.com\/wp-content\/uploads\/2023\/08\/Gammarth-Center-6.jpg\" data-elementor-open-lightbox=\"yes\" data-elementor-lightbox-slideshow=\"4579619\" data-e-action-hash=\"#elementor-action%3Aaction%3Dlightbox%26settings%3DeyJpZCI6NDczLCJ1cmwiOiJodHRwczpcL1wvYWNpLXR1bmlzaWUuY29tXC93cC1jb250ZW50XC91cGxvYWRzXC8yMDIzXC8wOFwvR2FtbWFydGgtQ2VudGVyLTYuanBnIiwic2xpZGVzaG93IjoiNDU3OTYxOSJ9\">\n\t\t\t\t\t<div class=\"e-gallery-image elementor-gallery-item__image\" data-thumbnail=\"https:\/\/aci-tunisie.com\/wp-content\/uploads\/2023\/08\/Gammarth-Center-6.jpg\" data-width=\"800\" data-height=\"533\" aria-label=\"\" role=\"img\" ><\/div>\n\t\t\t\t\t\t\t\t\t\t\t<div class=\"elementor-gallery-item__overlay\"><\/div>\n\t\t\t\t\t\t\t\t\t\t\t\t\t\t<\/a>\n\t\t\t\t\t<\/div>\n\t\t\t\t\t<\/div>\n\t\t\t\t<\/div>\n\t\t\t\t\t<\/div>\n\t\t<\/div>\n\t\t\t\t\t<\/div>\n\t\t<\/section>\n\t\t\t\t<section class=\"elementor-section elementor-top-section elementor-element elementor-element-e83bc81 elementor-section-boxed elementor-section-height-default elementor-section-height-default\" data-id=\"e83bc81\" data-element_type=\"section\" data-settings=\"{&quot;background_background&quot;:&quot;classic&quot;}\">\n\t\t\t\t\t\t<div class=\"elementor-container elementor-column-gap-default\">\n\t\t\t\t\t<div class=\"elementor-column elementor-col-50 elementor-top-column elementor-element elementor-element-8c26a92\" data-id=\"8c26a92\" data-element_type=\"column\" data-settings=\"{&quot;background_background&quot;:&quot;classic&quot;}\">\n\t\t\t<div class=\"elementor-widget-wrap elementor-element-populated\">\n\t\t\t\t\t\t<div class=\"elementor-element elementor-element-468872b elementor-widget elementor-widget-text-editor\" data-id=\"468872b\" data-element_type=\"widget\" data-widget_type=\"text-editor.default\">\n\t\t\t\t<div class=\"elementor-widget-container\">\n\t\t\t\t\t\t\t\t\t<p><strong>Project:<\/strong> Gammarth Center<\/p><p><strong>Location:<\/strong>\u00a0<span style=\"color: var( --e-global-color-text ); font-family: var( --e-global-typography-text-font-family ), Sans-serif; font-size: var( --e-global-typography-text-font-size ); font-style: var( --e-global-typography-text-font-style ); font-weight: var( --e-global-typography-text-font-weight ); letter-spacing: var( --e-global-typography-text-letter-spacing ); text-transform: var( --e-global-typography-text-text-transform ); background-color: var( --e-global-color-63d57f8 );\">Gammarth \u2013 Tunis \u2013 Tunisia<\/span><\/p><p><strong>Components:<\/strong> Centre commercial, Ball room et clinique d&rsquo;esth\u00e9tique\u00a0<\/p><p><strong>Client: <\/strong>SINGAPORE TUNISIAN INVESTMENT COMPANY<\/p><p><strong>Design team: <\/strong>BAC<\/p><p><strong>Entreprise:<\/strong> Maher CHAABANE<\/p><p><strong>Task:<\/strong> Full design package\u00a0<\/p>\t\t\t\t\t\t\t\t<\/div>\n\t\t\t\t<\/div>\n\t\t\t\t\t<\/div>\n\t\t<\/div>\n\t\t\t\t<div class=\"elementor-column elementor-col-50 elementor-top-column elementor-element elementor-element-62f572f\" data-id=\"62f572f\" data-element_type=\"column\" data-settings=\"{&quot;background_background&quot;:&quot;classic&quot;}\">\n\t\t\t<div class=\"elementor-widget-wrap elementor-element-populated\">\n\t\t\t\t\t\t<div class=\"elementor-element elementor-element-25ced31 elementor-widget elementor-widget-text-editor\" data-id=\"25ced31\" data-element_type=\"widget\" data-widget_type=\"text-editor.default\">\n\t\t\t\t<div class=\"elementor-widget-container\">\n\t\t\t\t\t\t\t\t\t<p class=\"p1\"><strong>Design phase duration:<\/strong> 06 mois<\/p><p class=\"p1\"><strong>Design phase duration: <\/strong>2007<\/p><p class=\"p1\"><strong>Phase duration <\/strong><strong>construction:<\/strong>\u00a0<br \/>24 months<\/p><p><strong>Start date:<\/strong> 2009<\/p><p><strong>End date:<\/strong> 2011<\/p><p class=\"p1\"><strong>Total covered area:<\/strong> 9.5000m\u00b2<\/p><p class=\"p1\"><strong>Project cost:<\/strong> 10 millions TND<\/p>\t\t\t\t\t\t\t\t<\/div>\n\t\t\t\t<\/div>\n\t\t\t\t\t<\/div>\n\t\t<\/div>\n\t\t\t\t\t<\/div>\n\t\t<\/section>\n\t\t\t\t<\/div>","protected":false},"excerpt":{"rendered":"<p>Gammarth Center Projet: Gammarth Center Lieu:\u00a0Gammarth &#8211; Tunis &#8211; Tunisie Composants: Centre commercial, Ball room et clinique d&rsquo;esth\u00e9tique\u00a0 Client: SINGAPORE TUNISIAN INVESTMENT COMPANY Ma\u00eetre d&rsquo;oeuvre: BAC Entreprise: Maher CHAABANE Mission: Maitrise d&rsquo;oeuvre \u00ab\u00a0\u00e9tude et suivi\u00a0\u00bb\u00a0 Dur\u00e9e de la phase de conception: 06 mois Date du d\u00e9but de conception: 2007 Dur\u00e9e de la phase de construction:\u00a024 [&hellip;]<\/p>","protected":false},"author":1,"featured_media":0,"parent":0,"menu_order":0,"comment_status":"closed","ping_status":"closed","template":"elementor_header_footer","meta":{"footnotes":""},"class_list":["post-465","page","type-page","status-publish","hentry"],"_links":{"self":[{"href":"https:\/\/aci-tunisie.com\/en\/wp-json\/wp\/v2\/pages\/465","targetHints":{"allow":["GET"]}}],"collection":[{"href":"https:\/\/aci-tunisie.com\/en\/wp-json\/wp\/v2\/pages"}],"about":[{"href":"https:\/\/aci-tunisie.com\/en\/wp-json\/wp\/v2\/types\/page"}],"author":[{"embeddable":true,"href":"https:\/\/aci-tunisie.com\/en\/wp-json\/wp\/v2\/users\/1"}],"replies":[{"embeddable":true,"href":"https:\/\/aci-tunisie.com\/en\/wp-json\/wp\/v2\/comments?post=465"}],"version-history":[{"count":19,"href":"https:\/\/aci-tunisie.com\/en\/wp-json\/wp\/v2\/pages\/465\/revisions"}],"predecessor-version":[{"id":1193,"href":"https:\/\/aci-tunisie.com\/en\/wp-json\/wp\/v2\/pages\/465\/revisions\/1193"}],"wp:attachment":[{"href":"https:\/\/aci-tunisie.com\/en\/wp-json\/wp\/v2\/media?parent=465"}],"curies":[{"name":"wp","href":"https:\/\/api.w.org\/{rel}","templated":true}]}}