{"id":509,"date":"2023-08-08T08:49:14","date_gmt":"2023-08-08T08:49:14","guid":{"rendered":"https:\/\/aci-tunisie.com\/?page_id=509"},"modified":"2024-05-21T18:44:58","modified_gmt":"2024-05-21T18:44:58","slug":"immeuble-de-bureau-afri","status":"publish","type":"page","link":"https:\/\/aci-tunisie.com\/en\/immeuble-de-bureau-afri\/","title":{"rendered":"Immeuble de bureaux AFRI"},"content":{"rendered":"<div data-elementor-type=\"wp-page\" data-elementor-id=\"509\" class=\"elementor elementor-509\" data-elementor-post-type=\"page\">\n\t\t\t\t\t\t<section class=\"elementor-section elementor-top-section elementor-element elementor-element-52f9c9a elementor-section-boxed elementor-section-height-default elementor-section-height-default\" data-id=\"52f9c9a\" data-element_type=\"section\">\n\t\t\t\t\t\t<div class=\"elementor-container elementor-column-gap-default\">\n\t\t\t\t\t<div class=\"elementor-column elementor-col-100 elementor-top-column elementor-element elementor-element-cce8f12\" data-id=\"cce8f12\" data-element_type=\"column\">\n\t\t\t<div class=\"elementor-widget-wrap elementor-element-populated\">\n\t\t\t\t\t\t<div class=\"elementor-element elementor-element-5e2d090 elementor-widget elementor-widget-heading\" data-id=\"5e2d090\" data-element_type=\"widget\" data-widget_type=\"heading.default\">\n\t\t\t\t<div class=\"elementor-widget-container\">\n\t\t\t\t\t<h2 class=\"elementor-heading-title elementor-size-default\">Immeuble de bureau AFRI\u00a0<\/h2>\t\t\t\t<\/div>\n\t\t\t\t<\/div>\n\t\t\t\t\t<\/div>\n\t\t<\/div>\n\t\t\t\t\t<\/div>\n\t\t<\/section>\n\t\t\t\t<section class=\"elementor-section elementor-top-section elementor-element elementor-element-a48bfa6 elementor-section-boxed elementor-section-height-default elementor-section-height-default\" data-id=\"a48bfa6\" data-element_type=\"section\">\n\t\t\t\t\t\t<div class=\"elementor-container elementor-column-gap-default\">\n\t\t\t\t\t<div class=\"elementor-column elementor-col-100 elementor-top-column elementor-element elementor-element-ce96cac\" data-id=\"ce96cac\" data-element_type=\"column\">\n\t\t\t<div class=\"elementor-widget-wrap elementor-element-populated\">\n\t\t\t\t\t\t<div class=\"elementor-element elementor-element-4579619 elementor-widget elementor-widget-gallery\" data-id=\"4579619\" data-element_type=\"widget\" data-settings=\"{&quot;gallery_layout&quot;:&quot;justified&quot;,&quot;ideal_row_height&quot;:{&quot;unit&quot;:&quot;px&quot;,&quot;size&quot;:230,&quot;sizes&quot;:[]},&quot;gap&quot;:{&quot;unit&quot;:&quot;px&quot;,&quot;size&quot;:5,&quot;sizes&quot;:[]},&quot;lazyload&quot;:&quot;yes&quot;,&quot;ideal_row_height_tablet&quot;:{&quot;unit&quot;:&quot;px&quot;,&quot;size&quot;:150,&quot;sizes&quot;:[]},&quot;ideal_row_height_mobile&quot;:{&quot;unit&quot;:&quot;px&quot;,&quot;size&quot;:150,&quot;sizes&quot;:[]},&quot;gap_tablet&quot;:{&quot;unit&quot;:&quot;px&quot;,&quot;size&quot;:10,&quot;sizes&quot;:[]},&quot;gap_mobile&quot;:{&quot;unit&quot;:&quot;px&quot;,&quot;size&quot;:10,&quot;sizes&quot;:[]},&quot;link_to&quot;:&quot;file&quot;,&quot;overlay_background&quot;:&quot;yes&quot;,&quot;content_hover_animation&quot;:&quot;fade-in&quot;}\" data-widget_type=\"gallery.default\">\n\t\t\t\t<div class=\"elementor-widget-container\">\n\t\t\t\t\t\t\t<div class=\"elementor-gallery__container\">\n\t\t\t\t\t\t\t<a class=\"e-gallery-item elementor-gallery-item elementor-animated-content\" href=\"https:\/\/aci-tunisie.com\/wp-content\/uploads\/2023\/08\/Immeuble-de-bureau-AFRI-1.png\" data-elementor-open-lightbox=\"yes\" data-elementor-lightbox-slideshow=\"4579619\" data-elementor-lightbox-title=\"BUREAUTIQUE\" data-e-action-hash=\"#elementor-action%3Aaction%3Dlightbox%26settings%3DeyJpZCI6NTExLCJ1cmwiOiJodHRwczpcL1wvYWNpLXR1bmlzaWUuY29tXC93cC1jb250ZW50XC91cGxvYWRzXC8yMDIzXC8wOFwvSW1tZXVibGUtZGUtYnVyZWF1LUFGUkktMS5wbmciLCJzbGlkZXNob3ciOiI0NTc5NjE5In0%3D\">\n\t\t\t\t\t<div class=\"e-gallery-image elementor-gallery-item__image\" data-thumbnail=\"https:\/\/aci-tunisie.com\/wp-content\/uploads\/2023\/08\/Immeuble-de-bureau-AFRI-1-1024x585.png\" data-width=\"800\" data-height=\"457\" aria-label=\"\" role=\"img\" ><\/div>\n\t\t\t\t\t\t\t\t\t\t\t<div class=\"elementor-gallery-item__overlay\"><\/div>\n\t\t\t\t\t\t\t\t\t\t\t\t\t\t<\/a>\n\t\t\t\t\t\t\t<a class=\"e-gallery-item elementor-gallery-item elementor-animated-content\" href=\"https:\/\/aci-tunisie.com\/wp-content\/uploads\/2023\/08\/Immeuble-de-bureau-AFRI-2.png\" data-elementor-open-lightbox=\"yes\" data-elementor-lightbox-slideshow=\"4579619\" data-e-action-hash=\"#elementor-action%3Aaction%3Dlightbox%26settings%3DeyJpZCI6NTEyLCJ1cmwiOiJodHRwczpcL1wvYWNpLXR1bmlzaWUuY29tXC93cC1jb250ZW50XC91cGxvYWRzXC8yMDIzXC8wOFwvSW1tZXVibGUtZGUtYnVyZWF1LUFGUkktMi5wbmciLCJzbGlkZXNob3ciOiI0NTc5NjE5In0%3D\">\n\t\t\t\t\t<div class=\"e-gallery-image elementor-gallery-item__image\" data-thumbnail=\"https:\/\/aci-tunisie.com\/wp-content\/uploads\/2023\/08\/Immeuble-de-bureau-AFRI-2.png\" data-width=\"800\" data-height=\"375\" aria-label=\"\" role=\"img\" ><\/div>\n\t\t\t\t\t\t\t\t\t\t\t<div class=\"elementor-gallery-item__overlay\"><\/div>\n\t\t\t\t\t\t\t\t\t\t\t\t\t\t<\/a>\n\t\t\t\t\t<\/div>\n\t\t\t\t\t<\/div>\n\t\t\t\t<\/div>\n\t\t\t\t\t<\/div>\n\t\t<\/div>\n\t\t\t\t\t<\/div>\n\t\t<\/section>\n\t\t\t\t<section class=\"elementor-section elementor-top-section elementor-element elementor-element-e83bc81 elementor-section-boxed elementor-section-height-default elementor-section-height-default\" data-id=\"e83bc81\" data-element_type=\"section\" data-settings=\"{&quot;background_background&quot;:&quot;classic&quot;}\">\n\t\t\t\t\t\t<div class=\"elementor-container elementor-column-gap-default\">\n\t\t\t\t\t<div class=\"elementor-column elementor-col-50 elementor-top-column elementor-element elementor-element-8c26a92\" data-id=\"8c26a92\" data-element_type=\"column\" data-settings=\"{&quot;background_background&quot;:&quot;classic&quot;}\">\n\t\t\t<div class=\"elementor-widget-wrap elementor-element-populated\">\n\t\t\t\t\t\t<div class=\"elementor-element elementor-element-468872b elementor-widget elementor-widget-text-editor\" data-id=\"468872b\" data-element_type=\"widget\" data-widget_type=\"text-editor.default\">\n\t\t\t\t<div class=\"elementor-widget-container\">\n\t\t\t\t\t\t\t\t\t<p><strong>Project:<\/strong> Immeuble de bureau AFRI\u00a0<\/p><p><strong>Location:<\/strong>\u00a0<span style=\"color: var( --e-global-color-text ); font-family: var( --e-global-typography-text-font-family ), Sans-serif; font-size: var( --e-global-typography-text-font-size ); font-style: var( --e-global-typography-text-font-style ); font-weight: var( --e-global-typography-text-font-weight ); letter-spacing: var( --e-global-typography-text-letter-spacing ); text-transform: var( --e-global-typography-text-text-transform ); background-color: var( --e-global-color-63d57f8 );\">Les Berges du Lac &#8211; Tunis &#8211; Tunisie<\/span><\/p><p><strong>Components:<\/strong> Bureaux et commerces<\/p><p><strong>Client: <\/strong>Soci\u00e9t\u00e9 immobili\u00e8re AFRI Immobili\u00e8re<\/p><p><strong>Design team: <\/strong>ITQAN<\/p><p><strong>Contractor:<\/strong> FTS<\/p><p><strong>Task: <\/strong><span class=\"s1\">Maitrise d&rsquo;oeuvre \u00ab\u00a0\u00e9tude et suivi\u00a0\u00bb \/ suivi du chantier<\/span><\/p>\t\t\t\t\t\t\t\t<\/div>\n\t\t\t\t<\/div>\n\t\t\t\t\t<\/div>\n\t\t<\/div>\n\t\t\t\t<div class=\"elementor-column elementor-col-50 elementor-top-column elementor-element elementor-element-62f572f\" data-id=\"62f572f\" data-element_type=\"column\" data-settings=\"{&quot;background_background&quot;:&quot;classic&quot;}\">\n\t\t\t<div class=\"elementor-widget-wrap elementor-element-populated\">\n\t\t\t\t\t\t<div class=\"elementor-element elementor-element-25ced31 elementor-widget elementor-widget-text-editor\" data-id=\"25ced31\" data-element_type=\"widget\" data-widget_type=\"text-editor.default\">\n\t\t\t\t<div class=\"elementor-widget-container\">\n\t\t\t\t\t\t\t\t\t<p class=\"p1\"><strong>Design phase duration:<\/strong> 03 mois<\/p><p class=\"p1\"><strong>Start date: <\/strong>Janvier 2009<\/p><p class=\"p1\"><strong>Phase duration <\/strong><strong>construction:<\/strong>\u00a0<br \/>18 mois<\/p><p><strong>Start date:<\/strong> Novembre 2009<\/p><p><strong>End date:<\/strong> Avril 2011<\/p><p class=\"p1\"><strong>Total covered area:<\/strong> 5.750m\u00b2<\/p><p class=\"p1\"><strong>Project cost:<\/strong> US$ 6.3 millions\u00a0<\/p>\t\t\t\t\t\t\t\t<\/div>\n\t\t\t\t<\/div>\n\t\t\t\t\t<\/div>\n\t\t<\/div>\n\t\t\t\t\t<\/div>\n\t\t<\/section>\n\t\t\t\t<\/div>","protected":false},"excerpt":{"rendered":"<p>Immeuble de bureau AFRI\u00a0 Projet: Immeuble de bureau AFRI\u00a0 Lieu:\u00a0Les Berges du Lac &#8211; Tunis &#8211; Tunisie Composants: Bureaux et commerces Client: Soci\u00e9t\u00e9 immobili\u00e8re AFRI Immobili\u00e8re Ma\u00eetre d&rsquo;oeuvre: ITQAN Entrepreneur: FTS Mission: Maitrise d&rsquo;oeuvre \u00ab\u00a0\u00e9tude et suivi\u00a0\u00bb \/ suivi du chantier Dur\u00e9e de la phase de conception: 03 mois D\u00e9but de la phase de conception: [&hellip;]<\/p>","protected":false},"author":1,"featured_media":0,"parent":0,"menu_order":0,"comment_status":"closed","ping_status":"closed","template":"elementor_header_footer","meta":{"footnotes":""},"class_list":["post-509","page","type-page","status-publish","hentry"],"_links":{"self":[{"href":"https:\/\/aci-tunisie.com\/en\/wp-json\/wp\/v2\/pages\/509","targetHints":{"allow":["GET"]}}],"collection":[{"href":"https:\/\/aci-tunisie.com\/en\/wp-json\/wp\/v2\/pages"}],"about":[{"href":"https:\/\/aci-tunisie.com\/en\/wp-json\/wp\/v2\/types\/page"}],"author":[{"embeddable":true,"href":"https:\/\/aci-tunisie.com\/en\/wp-json\/wp\/v2\/users\/1"}],"replies":[{"embeddable":true,"href":"https:\/\/aci-tunisie.com\/en\/wp-json\/wp\/v2\/comments?post=509"}],"version-history":[{"count":17,"href":"https:\/\/aci-tunisie.com\/en\/wp-json\/wp\/v2\/pages\/509\/revisions"}],"predecessor-version":[{"id":1187,"href":"https:\/\/aci-tunisie.com\/en\/wp-json\/wp\/v2\/pages\/509\/revisions\/1187"}],"wp:attachment":[{"href":"https:\/\/aci-tunisie.com\/en\/wp-json\/wp\/v2\/media?parent=509"}],"curies":[{"name":"wp","href":"https:\/\/api.w.org\/{rel}","templated":true}]}}