{"id":68,"date":"2023-08-04T16:24:49","date_gmt":"2023-08-04T16:24:49","guid":{"rendered":"https:\/\/aci-tunisie.com\/?page_id=68"},"modified":"2023-10-05T09:55:05","modified_gmt":"2023-10-05T09:55:05","slug":"a-propos","status":"publish","type":"page","link":"https:\/\/aci-tunisie.com\/en\/a-propos\/","title":{"rendered":"About us"},"content":{"rendered":"<div data-elementor-type=\"wp-page\" data-elementor-id=\"68\" class=\"elementor elementor-68\" data-elementor-post-type=\"page\">\n\t\t\t\t\t\t<section class=\"elementor-section elementor-top-section elementor-element elementor-element-2592d903 elementor-section-full_width elementor-section-height-min-height elementor-section-content-middle elementor-section-height-default elementor-section-items-middle\" data-id=\"2592d903\" data-element_type=\"section\">\n\t\t\t\t\t\t<div class=\"elementor-container elementor-column-gap-no\">\n\t\t\t\t\t<div class=\"elementor-column elementor-col-100 elementor-top-column elementor-element elementor-element-2240bbd0\" data-id=\"2240bbd0\" data-element_type=\"column\">\n\t\t\t<div class=\"elementor-widget-wrap elementor-element-populated\">\n\t\t\t\t\t\t<section class=\"elementor-section elementor-inner-section elementor-element elementor-element-3b7f712d elementor-section-full_width elementor-section-content-middle elementor-section-height-default elementor-section-height-default\" data-id=\"3b7f712d\" data-element_type=\"section\">\n\t\t\t\t\t\t<div class=\"elementor-container elementor-column-gap-no\">\n\t\t\t\t\t<div class=\"elementor-column elementor-col-50 elementor-inner-column elementor-element elementor-element-594e8cea\" data-id=\"594e8cea\" data-element_type=\"column\">\n\t\t\t<div class=\"elementor-widget-wrap elementor-element-populated\">\n\t\t\t\t\t\t<div class=\"elementor-element elementor-element-78d47bc8 elementor-cta--skin-classic elementor-animated-content elementor-widget elementor-widget-call-to-action\" data-id=\"78d47bc8\" data-element_type=\"widget\" data-widget_type=\"call-to-action.default\">\n\t\t\t\t<div class=\"elementor-widget-container\">\n\t\t\t\t\t\t\t<div class=\"elementor-cta\">\n\t\t\t\t\t<div class=\"elementor-cta__bg-wrapper\">\n\t\t\t\t<div class=\"elementor-cta__bg elementor-bg\" style=\"background-image: url(https:\/\/aci-tunisie.com\/wp-content\/uploads\/2023\/10\/vue05.jpg);\" role=\"img\" aria-label=\"\"><\/div>\n\t\t\t\t<div class=\"elementor-cta__bg-overlay\"><\/div>\n\t\t\t<\/div>\n\t\t\t\t\t\t\t<div class=\"elementor-cta__content\">\n\t\t\t\t\n\t\t\t\t\t\t\t\t\t<h2 class=\"elementor-cta__title elementor-cta__content-item elementor-content-item\">\n\t\t\t\t\t\tAbout us\t\t\t\t\t<\/h2>\n\t\t\t\t\n\t\t\t\t\t\t\t\t\t<div class=\"elementor-cta__description elementor-cta__content-item elementor-content-item\">\n\t\t\t\t\t\tArchitectes Conseil International, based in Les Berges du Lac in Tunis, Tunisia, was founded in 2005 by architects Mohamed Ben Achour and Mohamed Salah Zlaoui. Its purpose is to consolidate all the export-related activities of its parent entity, the Bureau d'architectes Conseil, established in 1986.\n\n<br> <br>We are a team composed of architects, urban planners, interior designers, and other administrative and technical professionals who provide and ensure the highest level of professional services.\n<br>\n<br>\nWe collaborate with a multidisciplinary network of consultants who are part of the design process and enable the management of integrated projects within the agency, allowing us to address our project as a whole.\n\t\t\t\t\t<\/div>\n\t\t\t\t\n\t\t\t\t\t\t\t<\/div>\n\t\t\t\t\t\t<\/div>\n\t\t\t\t\t\t<\/div>\n\t\t\t\t<\/div>\n\t\t\t\t\t<\/div>\n\t\t<\/div>\n\t\t\t\t<div class=\"elementor-column elementor-col-50 elementor-inner-column elementor-element elementor-element-14cfc5b9 elementor-invisible\" data-id=\"14cfc5b9\" data-element_type=\"column\" data-settings=\"{&quot;background_background&quot;:&quot;classic&quot;,&quot;animation&quot;:&quot;fadeInLeft&quot;,&quot;animation_tablet&quot;:&quot;fadeInDown&quot;}\">\n\t\t\t<div class=\"elementor-widget-wrap elementor-element-populated\">\n\t\t\t\t\t\t<div class=\"elementor-element elementor-element-52baca6c elementor-invisible elementor-widget elementor-widget-text-editor\" data-id=\"52baca6c\" data-element_type=\"widget\" data-settings=\"{&quot;_animation&quot;:&quot;fadeInLeft&quot;,&quot;_animation_tablet&quot;:&quot;none&quot;}\" data-widget_type=\"text-editor.default\">\n\t\t\t\t<div class=\"elementor-widget-container\">\n\t\t\t\t\t\t\t\t\t<p>We specialize in the planning and design of tourist resorts, real estate developments, and commercial properties.<\/p><p>Working for both private developers and government entities, our approach is rooted in seeking rational architecture that aligns with the client's requirements and the future use of the building. We utilize simple and proven design elements while tailoring clients' needs to local values and adapting them to existing infrastructure.<\/p><p>Our architecture aligns with a vision of sustainability and eco-efficiency, evident in our material selection and the functionality of building design.<\/p><p>\u00a0\"Capitalizing on experiences and contextual knowledge, and utilizing materials to design simple, legible, and sustainable projects, a building should be unique while also incorporating reproducible systems that contribute to the economic performance of the project. Attention to perfection and care for detail lead to true project mastery.\"<\/p>\t\t\t\t\t\t\t\t<\/div>\n\t\t\t\t<\/div>\n\t\t\t\t\t<\/div>\n\t\t<\/div>\n\t\t\t\t\t<\/div>\n\t\t<\/section>\n\t\t\t\t\t<\/div>\n\t\t<\/div>\n\t\t\t\t\t<\/div>\n\t\t<\/section>\n\t\t\t\t<\/div>","protected":false},"excerpt":{"rendered":"<p>A propos Architectes Conseil International, bas\u00e9e aux Berges du Lac de Tunis, en Tunisie, a \u00e9t\u00e9 cr\u00e9\u00e9e en 2005, par Mohamed Ben Achour et Mohamed Salah Zlaoui, architectes, dans le but de regrouper tous les travaux \u00e0 l&rsquo;exportation de son entit\u00e9 principal, Bureau d&rsquo;architectes Conseil cr\u00e9\u00e9 en 1986. Nous sommes une \u00e9quipe compos\u00e9e d&rsquo;architectes, d&rsquo;urbanistes, [&hellip;]<\/p>","protected":false},"author":1,"featured_media":0,"parent":0,"menu_order":0,"comment_status":"closed","ping_status":"closed","template":"elementor_header_footer","meta":{"footnotes":""},"class_list":["post-68","page","type-page","status-publish","hentry"],"_links":{"self":[{"href":"https:\/\/aci-tunisie.com\/en\/wp-json\/wp\/v2\/pages\/68","targetHints":{"allow":["GET"]}}],"collection":[{"href":"https:\/\/aci-tunisie.com\/en\/wp-json\/wp\/v2\/pages"}],"about":[{"href":"https:\/\/aci-tunisie.com\/en\/wp-json\/wp\/v2\/types\/page"}],"author":[{"embeddable":true,"href":"https:\/\/aci-tunisie.com\/en\/wp-json\/wp\/v2\/users\/1"}],"replies":[{"embeddable":true,"href":"https:\/\/aci-tunisie.com\/en\/wp-json\/wp\/v2\/comments?post=68"}],"version-history":[{"count":38,"href":"https:\/\/aci-tunisie.com\/en\/wp-json\/wp\/v2\/pages\/68\/revisions"}],"predecessor-version":[{"id":810,"href":"https:\/\/aci-tunisie.com\/en\/wp-json\/wp\/v2\/pages\/68\/revisions\/810"}],"wp:attachment":[{"href":"https:\/\/aci-tunisie.com\/en\/wp-json\/wp\/v2\/media?parent=68"}],"curies":[{"name":"wp","href":"https:\/\/api.w.org\/{rel}","templated":true}]}}